{"id":1191,"date":"2023-01-27T17:58:33","date_gmt":"2023-01-27T22:58:33","guid":{"rendered":"https:\/\/fisiomasajeperu.com\/?post_type=product&#038;p=1191"},"modified":"2026-03-24T13:01:14","modified_gmt":"2026-03-24T18:01:14","slug":"podologia","status":"publish","type":"product","link":"https:\/\/fisiomasajeperu.com\/en\/servicios\/podologia\/","title":{"rendered":"Podiatry Sesion"},"content":{"rendered":"<p>Sesi\u00f3n Podolog\u00eda (Duraci\u00f3n 45 min Aprox)<\/p>","protected":false},"excerpt":{"rendered":"<p>Sesi\u00f3n Podolog\u00eda (Duraci\u00f3n 45 min Aprox)<\/p>","protected":false},"featured_media":1240,"comment_status":"open","ping_status":"closed","template":"","meta":{"_crdt_document":"","_joinchat":[]},"product_brand":[],"product_cat":[80],"product_tag":[],"class_list":{"0":"post-1191","1":"product","2":"type-product","3":"status-publish","4":"has-post-thumbnail","6":"product_cat-podologia","8":"first","9":"onbackorder","10":"virtual","11":"sold-individually","12":"purchasable","13":"product-type-booking"},"yoast_head":"<!-- This site is optimized with the Yoast SEO plugin v27.4 - https:\/\/yoast.com\/product\/yoast-seo-wordpress\/ -->\n<title>Sesi\u00f3n Podolog\u00eda - FISIOMASAJE PER\u00da<\/title>\n<meta name=\"robots\" content=\"index, follow, max-snippet:-1, max-image-preview:large, max-video-preview:-1\" \/>\n<link rel=\"canonical\" href=\"https:\/\/fisiomasajeperu.com\/en\/servicios\/podologia\/\" \/>\n<meta property=\"og:locale\" content=\"en_US\" \/>\n<meta property=\"og:type\" content=\"article\" \/>\n<meta property=\"og:title\" content=\"Sesi\u00f3n Podolog\u00eda - FISIOMASAJE PER\u00da\" \/>\n<meta property=\"og:description\" content=\"Sesi\u00f3n Podolog\u00eda (Duraci\u00f3n 45 min Aprox)\" \/>\n<meta property=\"og:url\" content=\"https:\/\/fisiomasajeperu.com\/en\/servicios\/podologia\/\" \/>\n<meta property=\"og:site_name\" content=\"FISIOMASAJE PER\u00da\" \/>\n<meta property=\"article:modified_time\" content=\"2026-03-24T18:01:14+00:00\" \/>\n<meta property=\"og:image\" content=\"https:\/\/fisiomasajeperu.com\/wp-content\/uploads\/2023\/02\/Podologia-_-Podiatry-fisiomasaje-peru.webp\" \/>\n\t<meta property=\"og:image:width\" content=\"1080\" \/>\n\t<meta property=\"og:image:height\" content=\"1080\" \/>\n\t<meta property=\"og:image:type\" content=\"image\/webp\" \/>\n<meta name=\"twitter:card\" content=\"summary_large_image\" \/>\n<meta name=\"twitter:label1\" content=\"Est. reading time\" \/>\n\t<meta name=\"twitter:data1\" content=\"1 minute\" \/>\n<script type=\"application\/ld+json\" class=\"yoast-schema-graph\">{\"@context\":\"https:\\\/\\\/schema.org\",\"@graph\":[{\"@type\":\"WebPage\",\"@id\":\"https:\\\/\\\/fisiomasajeperu.com\\\/servicios\\\/podologia\\\/\",\"url\":\"https:\\\/\\\/fisiomasajeperu.com\\\/servicios\\\/podologia\\\/\",\"name\":\"Sesi\u00f3n Podolog\u00eda - FISIOMASAJE PER\u00da\",\"isPartOf\":{\"@id\":\"https:\\\/\\\/fisiomasajeperu.com\\\/#website\"},\"primaryImageOfPage\":{\"@id\":\"https:\\\/\\\/fisiomasajeperu.com\\\/servicios\\\/podologia\\\/#primaryimage\"},\"image\":{\"@id\":\"https:\\\/\\\/fisiomasajeperu.com\\\/servicios\\\/podologia\\\/#primaryimage\"},\"thumbnailUrl\":\"https:\\\/\\\/fisiomasajeperu.com\\\/wp-content\\\/uploads\\\/2023\\\/02\\\/Podologia-_-Podiatry-fisiomasaje-peru.webp\",\"datePublished\":\"2023-01-27T22:58:33+00:00\",\"dateModified\":\"2026-03-24T18:01:14+00:00\",\"breadcrumb\":{\"@id\":\"https:\\\/\\\/fisiomasajeperu.com\\\/servicios\\\/podologia\\\/#breadcrumb\"},\"inLanguage\":\"en-US\",\"potentialAction\":[{\"@type\":\"ReadAction\",\"target\":[\"https:\\\/\\\/fisiomasajeperu.com\\\/servicios\\\/podologia\\\/\"]}]},{\"@type\":\"ImageObject\",\"inLanguage\":\"en-US\",\"@id\":\"https:\\\/\\\/fisiomasajeperu.com\\\/servicios\\\/podologia\\\/#primaryimage\",\"url\":\"https:\\\/\\\/fisiomasajeperu.com\\\/wp-content\\\/uploads\\\/2023\\\/02\\\/Podologia-_-Podiatry-fisiomasaje-peru.webp\",\"contentUrl\":\"https:\\\/\\\/fisiomasajeperu.com\\\/wp-content\\\/uploads\\\/2023\\\/02\\\/Podologia-_-Podiatry-fisiomasaje-peru.webp\",\"width\":1080,\"height\":1080,\"caption\":\"Podolog\u00eda _ Podiatry fisiomasaje peru\"},{\"@type\":\"BreadcrumbList\",\"@id\":\"https:\\\/\\\/fisiomasajeperu.com\\\/servicios\\\/podologia\\\/#breadcrumb\",\"itemListElement\":[{\"@type\":\"ListItem\",\"position\":1,\"name\":\"Portada\",\"item\":\"https:\\\/\\\/fisiomasajeperu.com\\\/\"},{\"@type\":\"ListItem\",\"position\":2,\"name\":\"Productos\",\"item\":\"https:\\\/\\\/fisiomasajeperu.com\\\/shop\\\/\"},{\"@type\":\"ListItem\",\"position\":3,\"name\":\"Sesi\u00f3n Podolog\u00eda\"}]},{\"@type\":\"WebSite\",\"@id\":\"https:\\\/\\\/fisiomasajeperu.com\\\/#website\",\"url\":\"https:\\\/\\\/fisiomasajeperu.com\\\/\",\"name\":\"FISIOMASAJE PER\u00da\",\"description\":\"Centro de Masajes, Podolog\u00eda y Terapia F\u00edsica\",\"publisher\":{\"@id\":\"https:\\\/\\\/fisiomasajeperu.com\\\/#organization\"},\"potentialAction\":[{\"@type\":\"SearchAction\",\"target\":{\"@type\":\"EntryPoint\",\"urlTemplate\":\"https:\\\/\\\/fisiomasajeperu.com\\\/?s={search_term_string}\"},\"query-input\":{\"@type\":\"PropertyValueSpecification\",\"valueRequired\":true,\"valueName\":\"search_term_string\"}}],\"inLanguage\":\"en-US\"},{\"@type\":\"Organization\",\"@id\":\"https:\\\/\\\/fisiomasajeperu.com\\\/#organization\",\"name\":\"FISIOMASAJE PER\u00da\",\"url\":\"https:\\\/\\\/fisiomasajeperu.com\\\/\",\"logo\":{\"@type\":\"ImageObject\",\"inLanguage\":\"en-US\",\"@id\":\"https:\\\/\\\/fisiomasajeperu.com\\\/#\\\/schema\\\/logo\\\/image\\\/\",\"url\":\"https:\\\/\\\/fisiomasajeperu.com\\\/wp-content\\\/uploads\\\/2021\\\/12\\\/cropped-nuevo-logo.png\",\"contentUrl\":\"https:\\\/\\\/fisiomasajeperu.com\\\/wp-content\\\/uploads\\\/2021\\\/12\\\/cropped-nuevo-logo.png\",\"width\":305,\"height\":76,\"caption\":\"FISIOMASAJE PER\u00da\"},\"image\":{\"@id\":\"https:\\\/\\\/fisiomasajeperu.com\\\/#\\\/schema\\\/logo\\\/image\\\/\"}}]}<\/script>\n<!-- \/ Yoast SEO plugin. -->","yoast_head_json":{"title":"Sesi\u00f3n Podolog\u00eda - FISIOMASAJE PER\u00da","robots":{"index":"index","follow":"follow","max-snippet":"max-snippet:-1","max-image-preview":"max-image-preview:large","max-video-preview":"max-video-preview:-1"},"canonical":"https:\/\/fisiomasajeperu.com\/en\/servicios\/podologia\/","og_locale":"en_US","og_type":"article","og_title":"Sesi\u00f3n Podolog\u00eda - FISIOMASAJE PER\u00da","og_description":"Sesi\u00f3n Podolog\u00eda (Duraci\u00f3n 45 min Aprox)","og_url":"https:\/\/fisiomasajeperu.com\/en\/servicios\/podologia\/","og_site_name":"FISIOMASAJE PER\u00da","article_modified_time":"2026-03-24T18:01:14+00:00","og_image":[{"width":1080,"height":1080,"url":"https:\/\/fisiomasajeperu.com\/wp-content\/uploads\/2023\/02\/Podologia-_-Podiatry-fisiomasaje-peru.webp","type":"image\/webp"}],"twitter_card":"summary_large_image","twitter_misc":{"Est. reading time":"1 minute"},"schema":{"@context":"https:\/\/schema.org","@graph":[{"@type":"WebPage","@id":"https:\/\/fisiomasajeperu.com\/servicios\/podologia\/","url":"https:\/\/fisiomasajeperu.com\/servicios\/podologia\/","name":"Sesi\u00f3n Podolog\u00eda - FISIOMASAJE PER\u00da","isPartOf":{"@id":"https:\/\/fisiomasajeperu.com\/#website"},"primaryImageOfPage":{"@id":"https:\/\/fisiomasajeperu.com\/servicios\/podologia\/#primaryimage"},"image":{"@id":"https:\/\/fisiomasajeperu.com\/servicios\/podologia\/#primaryimage"},"thumbnailUrl":"https:\/\/fisiomasajeperu.com\/wp-content\/uploads\/2023\/02\/Podologia-_-Podiatry-fisiomasaje-peru.webp","datePublished":"2023-01-27T22:58:33+00:00","dateModified":"2026-03-24T18:01:14+00:00","breadcrumb":{"@id":"https:\/\/fisiomasajeperu.com\/servicios\/podologia\/#breadcrumb"},"inLanguage":"en-US","potentialAction":[{"@type":"ReadAction","target":["https:\/\/fisiomasajeperu.com\/servicios\/podologia\/"]}]},{"@type":"ImageObject","inLanguage":"en-US","@id":"https:\/\/fisiomasajeperu.com\/servicios\/podologia\/#primaryimage","url":"https:\/\/fisiomasajeperu.com\/wp-content\/uploads\/2023\/02\/Podologia-_-Podiatry-fisiomasaje-peru.webp","contentUrl":"https:\/\/fisiomasajeperu.com\/wp-content\/uploads\/2023\/02\/Podologia-_-Podiatry-fisiomasaje-peru.webp","width":1080,"height":1080,"caption":"Podolog\u00eda _ Podiatry fisiomasaje peru"},{"@type":"BreadcrumbList","@id":"https:\/\/fisiomasajeperu.com\/servicios\/podologia\/#breadcrumb","itemListElement":[{"@type":"ListItem","position":1,"name":"Portada","item":"https:\/\/fisiomasajeperu.com\/"},{"@type":"ListItem","position":2,"name":"Productos","item":"https:\/\/fisiomasajeperu.com\/shop\/"},{"@type":"ListItem","position":3,"name":"Sesi\u00f3n Podolog\u00eda"}]},{"@type":"WebSite","@id":"https:\/\/fisiomasajeperu.com\/#website","url":"https:\/\/fisiomasajeperu.com\/","name":"FISIOMASAJE PER\u00da","description":"Centro de Masajes, Podolog\u00eda y Terapia F\u00edsica","publisher":{"@id":"https:\/\/fisiomasajeperu.com\/#organization"},"potentialAction":[{"@type":"SearchAction","target":{"@type":"EntryPoint","urlTemplate":"https:\/\/fisiomasajeperu.com\/?s={search_term_string}"},"query-input":{"@type":"PropertyValueSpecification","valueRequired":true,"valueName":"search_term_string"}}],"inLanguage":"en-US"},{"@type":"Organization","@id":"https:\/\/fisiomasajeperu.com\/#organization","name":"FISIOMASAJE PER\u00da","url":"https:\/\/fisiomasajeperu.com\/","logo":{"@type":"ImageObject","inLanguage":"en-US","@id":"https:\/\/fisiomasajeperu.com\/#\/schema\/logo\/image\/","url":"https:\/\/fisiomasajeperu.com\/wp-content\/uploads\/2021\/12\/cropped-nuevo-logo.png","contentUrl":"https:\/\/fisiomasajeperu.com\/wp-content\/uploads\/2021\/12\/cropped-nuevo-logo.png","width":305,"height":76,"caption":"FISIOMASAJE PER\u00da"},"image":{"@id":"https:\/\/fisiomasajeperu.com\/#\/schema\/logo\/image\/"}}]}},"_links":{"self":[{"href":"https:\/\/fisiomasajeperu.com\/en\/wp-json\/wp\/v2\/product\/1191","targetHints":{"allow":["GET"]}}],"collection":[{"href":"https:\/\/fisiomasajeperu.com\/en\/wp-json\/wp\/v2\/product"}],"about":[{"href":"https:\/\/fisiomasajeperu.com\/en\/wp-json\/wp\/v2\/types\/product"}],"replies":[{"embeddable":true,"href":"https:\/\/fisiomasajeperu.com\/en\/wp-json\/wp\/v2\/comments?post=1191"}],"wp:featuredmedia":[{"embeddable":true,"href":"https:\/\/fisiomasajeperu.com\/en\/wp-json\/wp\/v2\/media\/1240"}],"wp:attachment":[{"href":"https:\/\/fisiomasajeperu.com\/en\/wp-json\/wp\/v2\/media?parent=1191"}],"wp:term":[{"taxonomy":"product_brand","embeddable":true,"href":"https:\/\/fisiomasajeperu.com\/en\/wp-json\/wp\/v2\/product_brand?post=1191"},{"taxonomy":"product_cat","embeddable":true,"href":"https:\/\/fisiomasajeperu.com\/en\/wp-json\/wp\/v2\/product_cat?post=1191"},{"taxonomy":"product_tag","embeddable":true,"href":"https:\/\/fisiomasajeperu.com\/en\/wp-json\/wp\/v2\/product_tag?post=1191"}],"curies":[{"name":"wp","href":"https:\/\/api.w.org\/{rel}","templated":true}]}}