{"id":1183,"date":"2023-01-27T16:54:50","date_gmt":"2023-01-27T21:54:50","guid":{"rendered":"https:\/\/fisiomasajeperu.com\/?post_type=product&#038;p=1183"},"modified":"2026-03-24T12:54:56","modified_gmt":"2026-03-24T17:54:56","slug":"masaje-reductor","status":"publish","type":"product","link":"https:\/\/fisiomasajeperu.com\/en\/servicios\/masaje-reductor\/","title":{"rendered":"Reduction Massage"},"content":{"rendered":"<p>Reduction Massage<\/p>\n<p>30 min a S\/ 45,00<\/p>\n<p>60 min a S\/ 80,00<\/p>\n<p>&nbsp;<\/p>","protected":false},"excerpt":{"rendered":"<p>Masaje Reductor c\/ Crema: 30 min a S\/ 45,00 60 min a S\/ 80,00 &nbsp;<\/p>","protected":false},"featured_media":1234,"comment_status":"open","ping_status":"closed","template":"","meta":{"_crdt_document":"","_joinchat":[]},"product_brand":[],"product_cat":[76],"product_tag":[],"class_list":{"0":"post-1183","1":"product","2":"type-product","3":"status-publish","4":"has-post-thumbnail","6":"product_cat-masajes","8":"first","9":"onbackorder","10":"virtual","11":"sold-individually","12":"purchasable","13":"product-type-booking"},"yoast_head":"<!-- This site is optimized with the Yoast SEO plugin v27.4 - https:\/\/yoast.com\/product\/yoast-seo-wordpress\/ -->\n<title>Masaje Reductor c\/ Crema - FISIOMASAJE PER\u00da<\/title>\n<meta name=\"robots\" content=\"index, follow, max-snippet:-1, max-image-preview:large, max-video-preview:-1\" \/>\n<link rel=\"canonical\" href=\"https:\/\/fisiomasajeperu.com\/en\/servicios\/masaje-reductor\/\" \/>\n<meta property=\"og:locale\" content=\"en_US\" \/>\n<meta property=\"og:type\" content=\"article\" \/>\n<meta property=\"og:title\" content=\"Masaje Reductor c\/ Crema - FISIOMASAJE PER\u00da\" \/>\n<meta property=\"og:description\" content=\"Masaje Reductor c\/ Crema: 30 min a S\/ 45,00 60 min a S\/ 80,00 &nbsp;\" \/>\n<meta property=\"og:url\" content=\"https:\/\/fisiomasajeperu.com\/en\/servicios\/masaje-reductor\/\" \/>\n<meta property=\"og:site_name\" content=\"FISIOMASAJE PER\u00da\" \/>\n<meta property=\"article:modified_time\" content=\"2026-03-24T17:54:56+00:00\" \/>\n<meta property=\"og:image\" content=\"https:\/\/fisiomasajeperu.com\/wp-content\/uploads\/2023\/02\/Masaje-Reductor-con-crema-_-reducing-massage-with-cream-fisiomasaje-peru.webp\" \/>\n\t<meta property=\"og:image:width\" content=\"1080\" \/>\n\t<meta property=\"og:image:height\" content=\"1080\" \/>\n\t<meta property=\"og:image:type\" content=\"image\/webp\" \/>\n<meta name=\"twitter:card\" content=\"summary_large_image\" \/>\n<meta name=\"twitter:label1\" content=\"Est. reading time\" \/>\n\t<meta name=\"twitter:data1\" content=\"1 minute\" \/>\n<script type=\"application\/ld+json\" class=\"yoast-schema-graph\">{\"@context\":\"https:\\\/\\\/schema.org\",\"@graph\":[{\"@type\":\"WebPage\",\"@id\":\"https:\\\/\\\/fisiomasajeperu.com\\\/servicios\\\/masaje-reductor\\\/\",\"url\":\"https:\\\/\\\/fisiomasajeperu.com\\\/servicios\\\/masaje-reductor\\\/\",\"name\":\"Masaje Reductor c\\\/ Crema - FISIOMASAJE PER\u00da\",\"isPartOf\":{\"@id\":\"https:\\\/\\\/fisiomasajeperu.com\\\/#website\"},\"primaryImageOfPage\":{\"@id\":\"https:\\\/\\\/fisiomasajeperu.com\\\/servicios\\\/masaje-reductor\\\/#primaryimage\"},\"image\":{\"@id\":\"https:\\\/\\\/fisiomasajeperu.com\\\/servicios\\\/masaje-reductor\\\/#primaryimage\"},\"thumbnailUrl\":\"https:\\\/\\\/fisiomasajeperu.com\\\/wp-content\\\/uploads\\\/2023\\\/02\\\/Masaje-Reductor-con-crema-_-reducing-massage-with-cream-fisiomasaje-peru.webp\",\"datePublished\":\"2023-01-27T21:54:50+00:00\",\"dateModified\":\"2026-03-24T17:54:56+00:00\",\"breadcrumb\":{\"@id\":\"https:\\\/\\\/fisiomasajeperu.com\\\/servicios\\\/masaje-reductor\\\/#breadcrumb\"},\"inLanguage\":\"en-US\",\"potentialAction\":[{\"@type\":\"ReadAction\",\"target\":[\"https:\\\/\\\/fisiomasajeperu.com\\\/servicios\\\/masaje-reductor\\\/\"]}]},{\"@type\":\"ImageObject\",\"inLanguage\":\"en-US\",\"@id\":\"https:\\\/\\\/fisiomasajeperu.com\\\/servicios\\\/masaje-reductor\\\/#primaryimage\",\"url\":\"https:\\\/\\\/fisiomasajeperu.com\\\/wp-content\\\/uploads\\\/2023\\\/02\\\/Masaje-Reductor-con-crema-_-reducing-massage-with-cream-fisiomasaje-peru.webp\",\"contentUrl\":\"https:\\\/\\\/fisiomasajeperu.com\\\/wp-content\\\/uploads\\\/2023\\\/02\\\/Masaje-Reductor-con-crema-_-reducing-massage-with-cream-fisiomasaje-peru.webp\",\"width\":1080,\"height\":1080,\"caption\":\"Masaje Reductor con crema _ reducing massage with cream fisiomasaje peru\"},{\"@type\":\"BreadcrumbList\",\"@id\":\"https:\\\/\\\/fisiomasajeperu.com\\\/servicios\\\/masaje-reductor\\\/#breadcrumb\",\"itemListElement\":[{\"@type\":\"ListItem\",\"position\":1,\"name\":\"Portada\",\"item\":\"https:\\\/\\\/fisiomasajeperu.com\\\/\"},{\"@type\":\"ListItem\",\"position\":2,\"name\":\"Productos\",\"item\":\"https:\\\/\\\/fisiomasajeperu.com\\\/shop\\\/\"},{\"@type\":\"ListItem\",\"position\":3,\"name\":\"Masaje Reductor c\\\/ Crema\"}]},{\"@type\":\"WebSite\",\"@id\":\"https:\\\/\\\/fisiomasajeperu.com\\\/#website\",\"url\":\"https:\\\/\\\/fisiomasajeperu.com\\\/\",\"name\":\"FISIOMASAJE PER\u00da\",\"description\":\"Centro de Masajes, Podolog\u00eda y Terapia F\u00edsica\",\"publisher\":{\"@id\":\"https:\\\/\\\/fisiomasajeperu.com\\\/#organization\"},\"potentialAction\":[{\"@type\":\"SearchAction\",\"target\":{\"@type\":\"EntryPoint\",\"urlTemplate\":\"https:\\\/\\\/fisiomasajeperu.com\\\/?s={search_term_string}\"},\"query-input\":{\"@type\":\"PropertyValueSpecification\",\"valueRequired\":true,\"valueName\":\"search_term_string\"}}],\"inLanguage\":\"en-US\"},{\"@type\":\"Organization\",\"@id\":\"https:\\\/\\\/fisiomasajeperu.com\\\/#organization\",\"name\":\"FISIOMASAJE PER\u00da\",\"url\":\"https:\\\/\\\/fisiomasajeperu.com\\\/\",\"logo\":{\"@type\":\"ImageObject\",\"inLanguage\":\"en-US\",\"@id\":\"https:\\\/\\\/fisiomasajeperu.com\\\/#\\\/schema\\\/logo\\\/image\\\/\",\"url\":\"https:\\\/\\\/fisiomasajeperu.com\\\/wp-content\\\/uploads\\\/2021\\\/12\\\/cropped-nuevo-logo.png\",\"contentUrl\":\"https:\\\/\\\/fisiomasajeperu.com\\\/wp-content\\\/uploads\\\/2021\\\/12\\\/cropped-nuevo-logo.png\",\"width\":305,\"height\":76,\"caption\":\"FISIOMASAJE PER\u00da\"},\"image\":{\"@id\":\"https:\\\/\\\/fisiomasajeperu.com\\\/#\\\/schema\\\/logo\\\/image\\\/\"}}]}<\/script>\n<!-- \/ Yoast SEO plugin. -->","yoast_head_json":{"title":"Masaje Reductor c\/ Crema - FISIOMASAJE PER\u00da","robots":{"index":"index","follow":"follow","max-snippet":"max-snippet:-1","max-image-preview":"max-image-preview:large","max-video-preview":"max-video-preview:-1"},"canonical":"https:\/\/fisiomasajeperu.com\/en\/servicios\/masaje-reductor\/","og_locale":"en_US","og_type":"article","og_title":"Masaje Reductor c\/ Crema - FISIOMASAJE PER\u00da","og_description":"Masaje Reductor c\/ Crema: 30 min a S\/ 45,00 60 min a S\/ 80,00 &nbsp;","og_url":"https:\/\/fisiomasajeperu.com\/en\/servicios\/masaje-reductor\/","og_site_name":"FISIOMASAJE PER\u00da","article_modified_time":"2026-03-24T17:54:56+00:00","og_image":[{"width":1080,"height":1080,"url":"https:\/\/fisiomasajeperu.com\/wp-content\/uploads\/2023\/02\/Masaje-Reductor-con-crema-_-reducing-massage-with-cream-fisiomasaje-peru.webp","type":"image\/webp"}],"twitter_card":"summary_large_image","twitter_misc":{"Est. reading time":"1 minute"},"schema":{"@context":"https:\/\/schema.org","@graph":[{"@type":"WebPage","@id":"https:\/\/fisiomasajeperu.com\/servicios\/masaje-reductor\/","url":"https:\/\/fisiomasajeperu.com\/servicios\/masaje-reductor\/","name":"Masaje Reductor c\/ Crema - FISIOMASAJE PER\u00da","isPartOf":{"@id":"https:\/\/fisiomasajeperu.com\/#website"},"primaryImageOfPage":{"@id":"https:\/\/fisiomasajeperu.com\/servicios\/masaje-reductor\/#primaryimage"},"image":{"@id":"https:\/\/fisiomasajeperu.com\/servicios\/masaje-reductor\/#primaryimage"},"thumbnailUrl":"https:\/\/fisiomasajeperu.com\/wp-content\/uploads\/2023\/02\/Masaje-Reductor-con-crema-_-reducing-massage-with-cream-fisiomasaje-peru.webp","datePublished":"2023-01-27T21:54:50+00:00","dateModified":"2026-03-24T17:54:56+00:00","breadcrumb":{"@id":"https:\/\/fisiomasajeperu.com\/servicios\/masaje-reductor\/#breadcrumb"},"inLanguage":"en-US","potentialAction":[{"@type":"ReadAction","target":["https:\/\/fisiomasajeperu.com\/servicios\/masaje-reductor\/"]}]},{"@type":"ImageObject","inLanguage":"en-US","@id":"https:\/\/fisiomasajeperu.com\/servicios\/masaje-reductor\/#primaryimage","url":"https:\/\/fisiomasajeperu.com\/wp-content\/uploads\/2023\/02\/Masaje-Reductor-con-crema-_-reducing-massage-with-cream-fisiomasaje-peru.webp","contentUrl":"https:\/\/fisiomasajeperu.com\/wp-content\/uploads\/2023\/02\/Masaje-Reductor-con-crema-_-reducing-massage-with-cream-fisiomasaje-peru.webp","width":1080,"height":1080,"caption":"Masaje Reductor con crema _ reducing massage with cream fisiomasaje peru"},{"@type":"BreadcrumbList","@id":"https:\/\/fisiomasajeperu.com\/servicios\/masaje-reductor\/#breadcrumb","itemListElement":[{"@type":"ListItem","position":1,"name":"Portada","item":"https:\/\/fisiomasajeperu.com\/"},{"@type":"ListItem","position":2,"name":"Productos","item":"https:\/\/fisiomasajeperu.com\/shop\/"},{"@type":"ListItem","position":3,"name":"Masaje Reductor c\/ Crema"}]},{"@type":"WebSite","@id":"https:\/\/fisiomasajeperu.com\/#website","url":"https:\/\/fisiomasajeperu.com\/","name":"FISIOMASAJE PER\u00da","description":"Centro de Masajes, Podolog\u00eda y Terapia F\u00edsica","publisher":{"@id":"https:\/\/fisiomasajeperu.com\/#organization"},"potentialAction":[{"@type":"SearchAction","target":{"@type":"EntryPoint","urlTemplate":"https:\/\/fisiomasajeperu.com\/?s={search_term_string}"},"query-input":{"@type":"PropertyValueSpecification","valueRequired":true,"valueName":"search_term_string"}}],"inLanguage":"en-US"},{"@type":"Organization","@id":"https:\/\/fisiomasajeperu.com\/#organization","name":"FISIOMASAJE PER\u00da","url":"https:\/\/fisiomasajeperu.com\/","logo":{"@type":"ImageObject","inLanguage":"en-US","@id":"https:\/\/fisiomasajeperu.com\/#\/schema\/logo\/image\/","url":"https:\/\/fisiomasajeperu.com\/wp-content\/uploads\/2021\/12\/cropped-nuevo-logo.png","contentUrl":"https:\/\/fisiomasajeperu.com\/wp-content\/uploads\/2021\/12\/cropped-nuevo-logo.png","width":305,"height":76,"caption":"FISIOMASAJE PER\u00da"},"image":{"@id":"https:\/\/fisiomasajeperu.com\/#\/schema\/logo\/image\/"}}]}},"_links":{"self":[{"href":"https:\/\/fisiomasajeperu.com\/en\/wp-json\/wp\/v2\/product\/1183","targetHints":{"allow":["GET"]}}],"collection":[{"href":"https:\/\/fisiomasajeperu.com\/en\/wp-json\/wp\/v2\/product"}],"about":[{"href":"https:\/\/fisiomasajeperu.com\/en\/wp-json\/wp\/v2\/types\/product"}],"replies":[{"embeddable":true,"href":"https:\/\/fisiomasajeperu.com\/en\/wp-json\/wp\/v2\/comments?post=1183"}],"wp:featuredmedia":[{"embeddable":true,"href":"https:\/\/fisiomasajeperu.com\/en\/wp-json\/wp\/v2\/media\/1234"}],"wp:attachment":[{"href":"https:\/\/fisiomasajeperu.com\/en\/wp-json\/wp\/v2\/media?parent=1183"}],"wp:term":[{"taxonomy":"product_brand","embeddable":true,"href":"https:\/\/fisiomasajeperu.com\/en\/wp-json\/wp\/v2\/product_brand?post=1183"},{"taxonomy":"product_cat","embeddable":true,"href":"https:\/\/fisiomasajeperu.com\/en\/wp-json\/wp\/v2\/product_cat?post=1183"},{"taxonomy":"product_tag","embeddable":true,"href":"https:\/\/fisiomasajeperu.com\/en\/wp-json\/wp\/v2\/product_tag?post=1183"}],"curies":[{"name":"wp","href":"https:\/\/api.w.org\/{rel}","templated":true}]}}