{"id":446,"date":"2021-12-08T21:17:08","date_gmt":"2021-12-09T02:17:08","guid":{"rendered":"https:\/\/fisiomasajeperu.com\/?page_id=446"},"modified":"2023-02-11T17:35:30","modified_gmt":"2023-02-11T22:35:30","slug":"podologia","status":"publish","type":"page","link":"https:\/\/fisiomasajeperu.com\/en\/podologia\/","title":{"rendered":"Podiatry"},"content":{"rendered":"<div class=\"wp-block-columns is-layout-flex wp-container-core-columns-is-layout-7387b849 wp-block-columns-is-layout-flex\">\n<div class=\"wp-block-column is-layout-flow wp-block-column-is-layout-flow\">\n<h2 class=\"wp-block-heading\" id=\"precio-por-sesion-o-consulta\">Precio por Sesi\u00f3n o Consulta<\/h2>\n<\/div>\n\n\n\n<div class=\"wp-block-column is-layout-flow wp-block-column-is-layout-flow\">\n<figure class=\"wp-block-table is-style-stripes\"><table><tbody><tr><td class=\"has-text-align-center\" data-align=\"center\"><strong>60 min Aprox<\/strong><\/td><\/tr><tr><td class=\"has-text-align-center\" data-align=\"center\">S\/ 70,00<\/td><\/tr><\/tbody><\/table><figcaption class=\"wp-element-caption\">*Costo por persona . Todos los medios de pago.<\/figcaption><\/figure>\n<\/div>\n<\/div>\n\n\n\n<h2 class=\"wp-block-heading\" id=\"presentas-alguna-de-las-siguientes-molestias\">\u00bfPresentas alguna de las siguientes molestias?<\/h2>\n\n\n\n<div class=\"wp-block-columns is-layout-flex wp-container-core-columns-is-layout-7387b849 wp-block-columns-is-layout-flex\">\n<div class=\"wp-block-column is-layout-flow wp-block-column-is-layout-flow\">\n<figure class=\"wp-block-image size-large\"><a href=\"https:\/\/fisiomasajeperu.com\/en\/servicio_podologia\/uneros\/\"><img fetchpriority=\"high\" decoding=\"async\" width=\"1024\" height=\"393\" src=\"https:\/\/fisiomasajeperu.com\/wp-content\/uploads\/2022\/01\/UNEROS-Fisiomasaje-Peru-1024x393.png\" alt=\"\" class=\"wp-image-662\" srcset=\"https:\/\/fisiomasajeperu.com\/wp-content\/uploads\/2022\/01\/UNEROS-Fisiomasaje-Peru-1024x393.png 1024w, https:\/\/fisiomasajeperu.com\/wp-content\/uploads\/2022\/01\/UNEROS-Fisiomasaje-Peru-600x230.png 600w, https:\/\/fisiomasajeperu.com\/wp-content\/uploads\/2022\/01\/UNEROS-Fisiomasaje-Peru-300x115.png 300w, https:\/\/fisiomasajeperu.com\/wp-content\/uploads\/2022\/01\/UNEROS-Fisiomasaje-Peru-768x295.png 768w, https:\/\/fisiomasajeperu.com\/wp-content\/uploads\/2022\/01\/UNEROS-Fisiomasaje-Peru.png 1250w\" sizes=\"(max-width: 1024px) 100vw, 1024px\" \/><\/a><\/figure>\n\n\n\n<h3 class=\"wp-block-heading has-text-align-center\" id=\"uneros\"><a href=\"https:\/\/fisiomasajeperu.com\/en\/servicio_podologia\/uneros\/\">Nails<\/a><\/h3>\n\n\n\n<figure class=\"wp-block-image size-large\"><a href=\"https:\/\/fisiomasajeperu.com\/en\/servicio_podologia\/onicomicosis\/\"><img decoding=\"async\" width=\"1024\" height=\"393\" src=\"https:\/\/fisiomasajeperu.com\/wp-content\/uploads\/2022\/01\/ONICOMICOSIS-Hongos-en-las-Unas-Fisiomasaje-Peru-1024x393.png\" alt=\"\" class=\"wp-image-665\" srcset=\"https:\/\/fisiomasajeperu.com\/wp-content\/uploads\/2022\/01\/ONICOMICOSIS-Hongos-en-las-Unas-Fisiomasaje-Peru-1024x393.png 1024w, https:\/\/fisiomasajeperu.com\/wp-content\/uploads\/2022\/01\/ONICOMICOSIS-Hongos-en-las-Unas-Fisiomasaje-Peru-600x230.png 600w, https:\/\/fisiomasajeperu.com\/wp-content\/uploads\/2022\/01\/ONICOMICOSIS-Hongos-en-las-Unas-Fisiomasaje-Peru-300x115.png 300w, https:\/\/fisiomasajeperu.com\/wp-content\/uploads\/2022\/01\/ONICOMICOSIS-Hongos-en-las-Unas-Fisiomasaje-Peru-768x295.png 768w, https:\/\/fisiomasajeperu.com\/wp-content\/uploads\/2022\/01\/ONICOMICOSIS-Hongos-en-las-Unas-Fisiomasaje-Peru.png 1250w\" sizes=\"(max-width: 1024px) 100vw, 1024px\" \/><\/a><\/figure>\n\n\n\n<h3 class=\"wp-block-heading has-text-align-center\" id=\"onicomicosis\"><a href=\"https:\/\/fisiomasajeperu.com\/en\/servicio_podologia\/onicomicosis\/\">Onicomicosis<\/a><\/h3>\n\n\n\n<figure class=\"wp-block-image size-large\"><a href=\"https:\/\/fisiomasajeperu.com\/en\/servicio_podologia\/helomas-callos\/\"><img decoding=\"async\" width=\"1024\" height=\"393\" src=\"https:\/\/fisiomasajeperu.com\/wp-content\/uploads\/2022\/01\/HELOMAS-Fisiomasaje-Peru-1024x393.png\" alt=\"\" class=\"wp-image-663\" srcset=\"https:\/\/fisiomasajeperu.com\/wp-content\/uploads\/2022\/01\/HELOMAS-Fisiomasaje-Peru-1024x393.png 1024w, https:\/\/fisiomasajeperu.com\/wp-content\/uploads\/2022\/01\/HELOMAS-Fisiomasaje-Peru-600x230.png 600w, https:\/\/fisiomasajeperu.com\/wp-content\/uploads\/2022\/01\/HELOMAS-Fisiomasaje-Peru-300x115.png 300w, https:\/\/fisiomasajeperu.com\/wp-content\/uploads\/2022\/01\/HELOMAS-Fisiomasaje-Peru-768x295.png 768w, https:\/\/fisiomasajeperu.com\/wp-content\/uploads\/2022\/01\/HELOMAS-Fisiomasaje-Peru.png 1250w\" sizes=\"(max-width: 1024px) 100vw, 1024px\" \/><\/a><\/figure>\n\n\n\n<h3 class=\"wp-block-heading has-text-align-center\" id=\"helomas\"><a href=\"https:\/\/fisiomasajeperu.com\/en\/servicio_podologia\/helomas-callos\/\">Helomas<\/a><\/h3>\n<\/div>\n\n\n\n<div class=\"wp-block-column is-layout-flow wp-block-column-is-layout-flow\">\n<figure class=\"wp-block-image size-large\"><a href=\"https:\/\/fisiomasajeperu.com\/en\/servicio_podologia\/pie-de-atleta\/\"><img loading=\"lazy\" decoding=\"async\" width=\"1024\" height=\"393\" src=\"https:\/\/fisiomasajeperu.com\/wp-content\/uploads\/2022\/01\/PIE-DE-ATLETA-Fisiomasaje-Peru-1024x393.png\" alt=\"\" class=\"wp-image-666\" srcset=\"https:\/\/fisiomasajeperu.com\/wp-content\/uploads\/2022\/01\/PIE-DE-ATLETA-Fisiomasaje-Peru-1024x393.png 1024w, https:\/\/fisiomasajeperu.com\/wp-content\/uploads\/2022\/01\/PIE-DE-ATLETA-Fisiomasaje-Peru-600x230.png 600w, https:\/\/fisiomasajeperu.com\/wp-content\/uploads\/2022\/01\/PIE-DE-ATLETA-Fisiomasaje-Peru-300x115.png 300w, https:\/\/fisiomasajeperu.com\/wp-content\/uploads\/2022\/01\/PIE-DE-ATLETA-Fisiomasaje-Peru-768x295.png 768w, https:\/\/fisiomasajeperu.com\/wp-content\/uploads\/2022\/01\/PIE-DE-ATLETA-Fisiomasaje-Peru.png 1250w\" sizes=\"(max-width: 1024px) 100vw, 1024px\" \/><\/a><\/figure>\n\n\n\n<h3 class=\"wp-block-heading has-text-align-center\" id=\"pie-de-atleta\"><a href=\"https:\/\/fisiomasajeperu.com\/en\/servicio_podologia\/pie-de-atleta\/\">Athlete's foot<\/a><\/h3>\n\n\n\n<figure class=\"wp-block-image size-large\"><a href=\"https:\/\/fisiomasajeperu.com\/en\/servicio_podologia\/onicocriptosis-una-encarnada\/\"><img loading=\"lazy\" decoding=\"async\" width=\"1024\" height=\"393\" src=\"https:\/\/fisiomasajeperu.com\/wp-content\/uploads\/2022\/01\/ONICOCRIPTOSIS-Una-Encarnada-Fisiomasaje-Peru-1024x393.png\" alt=\"\" class=\"wp-image-664\" srcset=\"https:\/\/fisiomasajeperu.com\/wp-content\/uploads\/2022\/01\/ONICOCRIPTOSIS-Una-Encarnada-Fisiomasaje-Peru-1024x393.png 1024w, https:\/\/fisiomasajeperu.com\/wp-content\/uploads\/2022\/01\/ONICOCRIPTOSIS-Una-Encarnada-Fisiomasaje-Peru-600x230.png 600w, https:\/\/fisiomasajeperu.com\/wp-content\/uploads\/2022\/01\/ONICOCRIPTOSIS-Una-Encarnada-Fisiomasaje-Peru-300x115.png 300w, https:\/\/fisiomasajeperu.com\/wp-content\/uploads\/2022\/01\/ONICOCRIPTOSIS-Una-Encarnada-Fisiomasaje-Peru-768x295.png 768w, https:\/\/fisiomasajeperu.com\/wp-content\/uploads\/2022\/01\/ONICOCRIPTOSIS-Una-Encarnada-Fisiomasaje-Peru.png 1250w\" sizes=\"(max-width: 1024px) 100vw, 1024px\" \/><\/a><\/figure>\n\n\n\n<h3 class=\"wp-block-heading has-text-align-center\" id=\"onicocriptosis\"><a href=\"https:\/\/fisiomasajeperu.com\/en\/servicio_podologia\/onicocriptosis-una-encarnada\/\">Onicocriptosis<\/a><\/h3>\n\n\n\n<figure class=\"wp-block-image size-large\"><a href=\"https:\/\/fisiomasajeperu.com\/en\/servicio_podologia\/pie-geriatrico\/\"><img loading=\"lazy\" decoding=\"async\" width=\"1024\" height=\"393\" src=\"https:\/\/fisiomasajeperu.com\/wp-content\/uploads\/2022\/01\/PIE-GERIATRICO-Fisiomasaje-Peru-1024x393.png\" alt=\"\" class=\"wp-image-661\" srcset=\"https:\/\/fisiomasajeperu.com\/wp-content\/uploads\/2022\/01\/PIE-GERIATRICO-Fisiomasaje-Peru-1024x393.png 1024w, https:\/\/fisiomasajeperu.com\/wp-content\/uploads\/2022\/01\/PIE-GERIATRICO-Fisiomasaje-Peru-600x230.png 600w, https:\/\/fisiomasajeperu.com\/wp-content\/uploads\/2022\/01\/PIE-GERIATRICO-Fisiomasaje-Peru-300x115.png 300w, https:\/\/fisiomasajeperu.com\/wp-content\/uploads\/2022\/01\/PIE-GERIATRICO-Fisiomasaje-Peru-768x295.png 768w, https:\/\/fisiomasajeperu.com\/wp-content\/uploads\/2022\/01\/PIE-GERIATRICO-Fisiomasaje-Peru.png 1250w\" sizes=\"(max-width: 1024px) 100vw, 1024px\" \/><\/a><\/figure>\n\n\n\n<h3 class=\"wp-block-heading has-text-align-center\" id=\"pie-geratrico\"><a href=\"https:\/\/fisiomasajeperu.com\/en\/servicio_podologia\/pie-geriatrico\/\">Pie Ger\u00e1trico<\/a><\/h3>\n<\/div>\n<\/div>\n\n\n\n<p class=\"wp-block-paragraph\">Si tienes alguna de \u00e9stas afecciones u otras, o deseas una consulta en PODOLOG\u00cdA puedes hacer una RESERVA:<\/p>\n\n\n\n<div class=\"wp-block-buttons is-content-justification-center is-layout-flex wp-container-core-buttons-is-layout-3e41869c wp-block-buttons-is-layout-flex\">\n<div class=\"wp-block-button\"><a class=\"wp-block-button__link has-black-color has-background-color-background-color has-text-color has-background wp-element-button\" href=\"https:\/\/fisiomasajeperu.com\/en\/servicios\/podologia\/\"><strong>Book Appointment!<\/strong><\/a><\/div>\n<\/div>\n\n\n\n<p class=\"wp-block-paragraph\"><\/p>\n\n\n\n<p class=\"wp-block-paragraph\"><\/p>","protected":false},"excerpt":{"rendered":"<p>Precio por Sesi\u00f3n o Consulta 60 min Aprox S\/ 70,00 *Costo por persona . Todos los medios de pago. \u00bfPresentas alguna de las siguientes molestias? U\u00f1eros Onicomicosis Helomas Pie de Atleta Onicocriptosis Pie Ger\u00e1trico Si tienes alguna de \u00e9stas afecciones u otras, o deseas una consulta en PODOLOG\u00cdA puedes hacer [&hellip;]<\/p>\n","protected":false},"author":1,"featured_media":600,"parent":0,"menu_order":0,"comment_status":"closed","ping_status":"closed","template":"","meta":{"_crdt_document":"","_joinchat":[],"footnotes":""},"class_list":["post-446","page","type-page","status-publish","has-post-thumbnail","hentry"],"yoast_head":"<!-- This site is optimized with the Yoast SEO plugin v27.5 - https:\/\/yoast.com\/product\/yoast-seo-wordpress\/ -->\n<title>PODOLOG\u00cdA - FISIOMASAJE PER\u00da<\/title>\n<meta name=\"description\" content=\"i tienes alguna de \u00e9stas afecciones u otras, o deseas una consulta en PODOLOG\u00cdA puedes hacer una RESERVA: PIE DE ATLETA, HONGOS EN LAS U\u00d1AS ...\" \/>\n<meta name=\"robots\" content=\"index, follow, max-snippet:-1, max-image-preview:large, max-video-preview:-1\" \/>\n<link rel=\"canonical\" href=\"https:\/\/fisiomasajeperu.com\/en\/podologia\/\" \/>\n<meta property=\"og:locale\" content=\"en_US\" \/>\n<meta property=\"og:type\" content=\"article\" \/>\n<meta property=\"og:title\" content=\"PODOLOG\u00cdA - FISIOMASAJE PER\u00da\" \/>\n<meta property=\"og:description\" content=\"i tienes alguna de \u00e9stas afecciones u otras, o deseas una consulta en PODOLOG\u00cdA puedes hacer una RESERVA: PIE DE ATLETA, HONGOS EN LAS U\u00d1AS ...\" \/>\n<meta property=\"og:url\" content=\"https:\/\/fisiomasajeperu.com\/en\/podologia\/\" \/>\n<meta property=\"og:site_name\" content=\"FISIOMASAJE PER\u00da\" \/>\n<meta property=\"article:modified_time\" content=\"2023-02-11T22:35:30+00:00\" \/>\n<meta property=\"og:image\" content=\"https:\/\/fisiomasajeperu.com\/wp-content\/uploads\/2022\/01\/PODOLOGIA-Fisiomasaje-Peru.png\" \/>\n\t<meta property=\"og:image:width\" content=\"1250\" \/>\n\t<meta property=\"og:image:height\" content=\"480\" \/>\n\t<meta property=\"og:image:type\" content=\"image\/png\" \/>\n<meta name=\"twitter:card\" content=\"summary_large_image\" \/>\n<meta name=\"twitter:label1\" content=\"Est. reading time\" \/>\n\t<meta name=\"twitter:data1\" content=\"2 minutes\" \/>\n<script type=\"application\/ld+json\" class=\"yoast-schema-graph\">{\"@context\":\"https:\\\/\\\/schema.org\",\"@graph\":[{\"@type\":\"WebPage\",\"@id\":\"https:\\\/\\\/fisiomasajeperu.com\\\/podologia\\\/\",\"url\":\"https:\\\/\\\/fisiomasajeperu.com\\\/podologia\\\/\",\"name\":\"PODOLOG\u00cdA - FISIOMASAJE PER\u00da\",\"isPartOf\":{\"@id\":\"https:\\\/\\\/fisiomasajeperu.com\\\/#website\"},\"primaryImageOfPage\":{\"@id\":\"https:\\\/\\\/fisiomasajeperu.com\\\/podologia\\\/#primaryimage\"},\"image\":{\"@id\":\"https:\\\/\\\/fisiomasajeperu.com\\\/podologia\\\/#primaryimage\"},\"thumbnailUrl\":\"https:\\\/\\\/fisiomasajeperu.com\\\/wp-content\\\/uploads\\\/2022\\\/01\\\/PODOLOGIA-Fisiomasaje-Peru.png\",\"datePublished\":\"2021-12-09T02:17:08+00:00\",\"dateModified\":\"2023-02-11T22:35:30+00:00\",\"description\":\"i tienes alguna de \u00e9stas afecciones u otras, o deseas una consulta en PODOLOG\u00cdA puedes hacer una RESERVA: PIE DE ATLETA, HONGOS EN LAS U\u00d1AS ...\",\"breadcrumb\":{\"@id\":\"https:\\\/\\\/fisiomasajeperu.com\\\/podologia\\\/#breadcrumb\"},\"inLanguage\":\"en-US\",\"potentialAction\":[{\"@type\":\"ReadAction\",\"target\":[\"https:\\\/\\\/fisiomasajeperu.com\\\/podologia\\\/\"]}]},{\"@type\":\"ImageObject\",\"inLanguage\":\"en-US\",\"@id\":\"https:\\\/\\\/fisiomasajeperu.com\\\/podologia\\\/#primaryimage\",\"url\":\"https:\\\/\\\/fisiomasajeperu.com\\\/wp-content\\\/uploads\\\/2022\\\/01\\\/PODOLOGIA-Fisiomasaje-Peru.png\",\"contentUrl\":\"https:\\\/\\\/fisiomasajeperu.com\\\/wp-content\\\/uploads\\\/2022\\\/01\\\/PODOLOGIA-Fisiomasaje-Peru.png\",\"width\":1250,\"height\":480},{\"@type\":\"BreadcrumbList\",\"@id\":\"https:\\\/\\\/fisiomasajeperu.com\\\/podologia\\\/#breadcrumb\",\"itemListElement\":[{\"@type\":\"ListItem\",\"position\":1,\"name\":\"Portada\",\"item\":\"https:\\\/\\\/fisiomasajeperu.com\\\/\"},{\"@type\":\"ListItem\",\"position\":2,\"name\":\"PODOLOG\u00cdA\"}]},{\"@type\":\"WebSite\",\"@id\":\"https:\\\/\\\/fisiomasajeperu.com\\\/#website\",\"url\":\"https:\\\/\\\/fisiomasajeperu.com\\\/\",\"name\":\"FISIOMASAJE PER\u00da\",\"description\":\"Centro de Masajes, Podolog\u00eda y Terapia F\u00edsica\",\"publisher\":{\"@id\":\"https:\\\/\\\/fisiomasajeperu.com\\\/#organization\"},\"potentialAction\":[{\"@type\":\"SearchAction\",\"target\":{\"@type\":\"EntryPoint\",\"urlTemplate\":\"https:\\\/\\\/fisiomasajeperu.com\\\/?s={search_term_string}\"},\"query-input\":{\"@type\":\"PropertyValueSpecification\",\"valueRequired\":true,\"valueName\":\"search_term_string\"}}],\"inLanguage\":\"en-US\"},{\"@type\":\"Organization\",\"@id\":\"https:\\\/\\\/fisiomasajeperu.com\\\/#organization\",\"name\":\"FISIOMASAJE PER\u00da\",\"url\":\"https:\\\/\\\/fisiomasajeperu.com\\\/\",\"logo\":{\"@type\":\"ImageObject\",\"inLanguage\":\"en-US\",\"@id\":\"https:\\\/\\\/fisiomasajeperu.com\\\/#\\\/schema\\\/logo\\\/image\\\/\",\"url\":\"https:\\\/\\\/fisiomasajeperu.com\\\/wp-content\\\/uploads\\\/2021\\\/12\\\/cropped-nuevo-logo.png\",\"contentUrl\":\"https:\\\/\\\/fisiomasajeperu.com\\\/wp-content\\\/uploads\\\/2021\\\/12\\\/cropped-nuevo-logo.png\",\"width\":305,\"height\":76,\"caption\":\"FISIOMASAJE PER\u00da\"},\"image\":{\"@id\":\"https:\\\/\\\/fisiomasajeperu.com\\\/#\\\/schema\\\/logo\\\/image\\\/\"}}]}<\/script>\n<!-- \/ Yoast SEO plugin. -->","yoast_head_json":{"title":"PODOLOG\u00cdA - FISIOMASAJE PER\u00da","description":"i tienes alguna de \u00e9stas afecciones u otras, o deseas una consulta en PODOLOG\u00cdA puedes hacer una RESERVA: PIE DE ATLETA, HONGOS EN LAS U\u00d1AS ...","robots":{"index":"index","follow":"follow","max-snippet":"max-snippet:-1","max-image-preview":"max-image-preview:large","max-video-preview":"max-video-preview:-1"},"canonical":"https:\/\/fisiomasajeperu.com\/en\/podologia\/","og_locale":"en_US","og_type":"article","og_title":"PODOLOG\u00cdA - FISIOMASAJE PER\u00da","og_description":"i tienes alguna de \u00e9stas afecciones u otras, o deseas una consulta en PODOLOG\u00cdA puedes hacer una RESERVA: PIE DE ATLETA, HONGOS EN LAS U\u00d1AS ...","og_url":"https:\/\/fisiomasajeperu.com\/en\/podologia\/","og_site_name":"FISIOMASAJE PER\u00da","article_modified_time":"2023-02-11T22:35:30+00:00","og_image":[{"width":1250,"height":480,"url":"https:\/\/fisiomasajeperu.com\/wp-content\/uploads\/2022\/01\/PODOLOGIA-Fisiomasaje-Peru.png","type":"image\/png"}],"twitter_card":"summary_large_image","twitter_misc":{"Est. reading time":"2 minutes"},"schema":{"@context":"https:\/\/schema.org","@graph":[{"@type":"WebPage","@id":"https:\/\/fisiomasajeperu.com\/podologia\/","url":"https:\/\/fisiomasajeperu.com\/podologia\/","name":"PODOLOG\u00cdA - FISIOMASAJE PER\u00da","isPartOf":{"@id":"https:\/\/fisiomasajeperu.com\/#website"},"primaryImageOfPage":{"@id":"https:\/\/fisiomasajeperu.com\/podologia\/#primaryimage"},"image":{"@id":"https:\/\/fisiomasajeperu.com\/podologia\/#primaryimage"},"thumbnailUrl":"https:\/\/fisiomasajeperu.com\/wp-content\/uploads\/2022\/01\/PODOLOGIA-Fisiomasaje-Peru.png","datePublished":"2021-12-09T02:17:08+00:00","dateModified":"2023-02-11T22:35:30+00:00","description":"i tienes alguna de \u00e9stas afecciones u otras, o deseas una consulta en PODOLOG\u00cdA puedes hacer una RESERVA: PIE DE ATLETA, HONGOS EN LAS U\u00d1AS ...","breadcrumb":{"@id":"https:\/\/fisiomasajeperu.com\/podologia\/#breadcrumb"},"inLanguage":"en-US","potentialAction":[{"@type":"ReadAction","target":["https:\/\/fisiomasajeperu.com\/podologia\/"]}]},{"@type":"ImageObject","inLanguage":"en-US","@id":"https:\/\/fisiomasajeperu.com\/podologia\/#primaryimage","url":"https:\/\/fisiomasajeperu.com\/wp-content\/uploads\/2022\/01\/PODOLOGIA-Fisiomasaje-Peru.png","contentUrl":"https:\/\/fisiomasajeperu.com\/wp-content\/uploads\/2022\/01\/PODOLOGIA-Fisiomasaje-Peru.png","width":1250,"height":480},{"@type":"BreadcrumbList","@id":"https:\/\/fisiomasajeperu.com\/podologia\/#breadcrumb","itemListElement":[{"@type":"ListItem","position":1,"name":"Portada","item":"https:\/\/fisiomasajeperu.com\/"},{"@type":"ListItem","position":2,"name":"PODOLOG\u00cdA"}]},{"@type":"WebSite","@id":"https:\/\/fisiomasajeperu.com\/#website","url":"https:\/\/fisiomasajeperu.com\/","name":"FISIOMASAJE PER\u00da","description":"Centro de Masajes, Podolog\u00eda y Terapia F\u00edsica","publisher":{"@id":"https:\/\/fisiomasajeperu.com\/#organization"},"potentialAction":[{"@type":"SearchAction","target":{"@type":"EntryPoint","urlTemplate":"https:\/\/fisiomasajeperu.com\/?s={search_term_string}"},"query-input":{"@type":"PropertyValueSpecification","valueRequired":true,"valueName":"search_term_string"}}],"inLanguage":"en-US"},{"@type":"Organization","@id":"https:\/\/fisiomasajeperu.com\/#organization","name":"FISIOMASAJE PER\u00da","url":"https:\/\/fisiomasajeperu.com\/","logo":{"@type":"ImageObject","inLanguage":"en-US","@id":"https:\/\/fisiomasajeperu.com\/#\/schema\/logo\/image\/","url":"https:\/\/fisiomasajeperu.com\/wp-content\/uploads\/2021\/12\/cropped-nuevo-logo.png","contentUrl":"https:\/\/fisiomasajeperu.com\/wp-content\/uploads\/2021\/12\/cropped-nuevo-logo.png","width":305,"height":76,"caption":"FISIOMASAJE PER\u00da"},"image":{"@id":"https:\/\/fisiomasajeperu.com\/#\/schema\/logo\/image\/"}}]}},"_links":{"self":[{"href":"https:\/\/fisiomasajeperu.com\/en\/wp-json\/wp\/v2\/pages\/446","targetHints":{"allow":["GET"]}}],"collection":[{"href":"https:\/\/fisiomasajeperu.com\/en\/wp-json\/wp\/v2\/pages"}],"about":[{"href":"https:\/\/fisiomasajeperu.com\/en\/wp-json\/wp\/v2\/types\/page"}],"author":[{"embeddable":true,"href":"https:\/\/fisiomasajeperu.com\/en\/wp-json\/wp\/v2\/users\/1"}],"replies":[{"embeddable":true,"href":"https:\/\/fisiomasajeperu.com\/en\/wp-json\/wp\/v2\/comments?post=446"}],"version-history":[{"count":6,"href":"https:\/\/fisiomasajeperu.com\/en\/wp-json\/wp\/v2\/pages\/446\/revisions"}],"predecessor-version":[{"id":2275,"href":"https:\/\/fisiomasajeperu.com\/en\/wp-json\/wp\/v2\/pages\/446\/revisions\/2275"}],"wp:featuredmedia":[{"embeddable":true,"href":"https:\/\/fisiomasajeperu.com\/en\/wp-json\/wp\/v2\/media\/600"}],"wp:attachment":[{"href":"https:\/\/fisiomasajeperu.com\/en\/wp-json\/wp\/v2\/media?parent=446"}],"curies":[{"name":"wp","href":"https:\/\/api.w.org\/{rel}","templated":true}]}}