{"id":444,"date":"2021-12-08T21:16:50","date_gmt":"2021-12-09T02:16:50","guid":{"rendered":"https:\/\/fisiomasajeperu.com\/?page_id=444"},"modified":"2022-09-30T11:08:37","modified_gmt":"2022-09-30T16:08:37","slug":"masajes","status":"publish","type":"page","link":"https:\/\/fisiomasajeperu.com\/en\/masajes\/","title":{"rendered":"MASAJES"},"content":{"rendered":"<p class=\"wp-block-paragraph\">Conoce nuestros PRECIOS por 30 min y por 60 min de servicios:<\/p>\n\n\n\n<p class=\"wp-block-paragraph\">(Dale Click a cada uno para conocer los BENEFICIOS)<\/p>\n\n\n\n<div class=\"wp-block-columns is-layout-flex wp-container-core-columns-is-layout-7387b849 wp-block-columns-is-layout-flex\">\n<div class=\"wp-block-column is-layout-flow wp-block-column-is-layout-flow\">\n<figure class=\"wp-block-image size-large\"><a href=\"https:\/\/fisiomasajeperu.com\/en\/uncategorized\/masaje-relajante\/\"><img fetchpriority=\"high\" decoding=\"async\" width=\"1024\" height=\"393\" src=\"https:\/\/fisiomasajeperu.com\/wp-content\/uploads\/2022\/01\/MASAJE-RELAJANTE-Fisiomasaje-Peru-1024x393.png\" alt=\"\" class=\"wp-image-595\" srcset=\"https:\/\/fisiomasajeperu.com\/wp-content\/uploads\/2022\/01\/MASAJE-RELAJANTE-Fisiomasaje-Peru-1024x393.png 1024w, https:\/\/fisiomasajeperu.com\/wp-content\/uploads\/2022\/01\/MASAJE-RELAJANTE-Fisiomasaje-Peru-600x230.png 600w, https:\/\/fisiomasajeperu.com\/wp-content\/uploads\/2022\/01\/MASAJE-RELAJANTE-Fisiomasaje-Peru-300x115.png 300w, https:\/\/fisiomasajeperu.com\/wp-content\/uploads\/2022\/01\/MASAJE-RELAJANTE-Fisiomasaje-Peru-768x295.png 768w, https:\/\/fisiomasajeperu.com\/wp-content\/uploads\/2022\/01\/MASAJE-RELAJANTE-Fisiomasaje-Peru.png 1250w\" sizes=\"(max-width: 1024px) 100vw, 1024px\" \/><\/a><\/figure>\n\n\n\n<h3 class=\"has-text-align-center wp-block-heading\" id=\"masaje-relajante\"><a href=\"https:\/\/fisiomasajeperu.com\/en\/servicio_masajes\/masajes-relajantes\/\">Relaxation massage<\/a><\/h3>\n\n\n\n<figure class=\"wp-block-table\"><table><tbody><tr><td class=\"has-text-align-center\" data-align=\"center\"><strong>For 30 min:<\/strong><\/td><td class=\"has-text-align-center\" data-align=\"center\"><strong>For 60 min:<\/strong><\/td><\/tr><tr><td class=\"has-text-align-center\" data-align=\"center\">S\/ 35,00<\/td><td class=\"has-text-align-center\" data-align=\"center\">S\/ 60,00<\/td><\/tr><\/tbody><\/table><\/figure>\n\n\n\n<figure class=\"wp-block-image size-large\"><a href=\"https:\/\/fisiomasajeperu.com\/en\/servicio_masajes\/masaje-descontracturante\/\"><img decoding=\"async\" width=\"1024\" height=\"393\" src=\"https:\/\/fisiomasajeperu.com\/wp-content\/uploads\/2022\/01\/MASAJE-DESCONTRACTURANTE-Fisiomasaje-Peru-1024x393.png\" alt=\"\" class=\"wp-image-594\" srcset=\"https:\/\/fisiomasajeperu.com\/wp-content\/uploads\/2022\/01\/MASAJE-DESCONTRACTURANTE-Fisiomasaje-Peru-1024x393.png 1024w, https:\/\/fisiomasajeperu.com\/wp-content\/uploads\/2022\/01\/MASAJE-DESCONTRACTURANTE-Fisiomasaje-Peru-600x230.png 600w, https:\/\/fisiomasajeperu.com\/wp-content\/uploads\/2022\/01\/MASAJE-DESCONTRACTURANTE-Fisiomasaje-Peru-300x115.png 300w, https:\/\/fisiomasajeperu.com\/wp-content\/uploads\/2022\/01\/MASAJE-DESCONTRACTURANTE-Fisiomasaje-Peru-768x295.png 768w, https:\/\/fisiomasajeperu.com\/wp-content\/uploads\/2022\/01\/MASAJE-DESCONTRACTURANTE-Fisiomasaje-Peru.png 1250w\" sizes=\"(max-width: 1024px) 100vw, 1024px\" \/><\/a><\/figure>\n\n\n\n<h3 class=\"has-text-align-center wp-block-heading\" id=\"masaje-descontracturante\"><a href=\"https:\/\/fisiomasajeperu.com\/en\/servicio_masajes\/masaje-descontracturante\/\">Deep Tissue Massage<\/a><\/h3>\n\n\n\n<figure class=\"wp-block-table\"><table><tbody><tr><td class=\"has-text-align-center\" data-align=\"center\"><strong>For 30 min:<\/strong><\/td><td class=\"has-text-align-center\" data-align=\"center\"><strong>For 60 min:<\/strong><\/td><\/tr><tr><td class=\"has-text-align-center\" data-align=\"center\">S\/ 35,00<\/td><td class=\"has-text-align-center\" data-align=\"center\">S\/ 60,00<\/td><\/tr><\/tbody><\/table><\/figure>\n\n\n\n<figure class=\"wp-block-image size-large\"><a href=\"https:\/\/fisiomasajeperu.com\/en\/servicio_masajes\/masaje-deportivo-c-descarga-muscular\/\"><img decoding=\"async\" width=\"1024\" height=\"393\" src=\"https:\/\/fisiomasajeperu.com\/wp-content\/uploads\/2022\/01\/MASAJE-DEPORTIVO-CON-DESCARGA-MUSCULAR-Fisiomasaje-Peru-1024x393.png\" alt=\"\" class=\"wp-image-593\" srcset=\"https:\/\/fisiomasajeperu.com\/wp-content\/uploads\/2022\/01\/MASAJE-DEPORTIVO-CON-DESCARGA-MUSCULAR-Fisiomasaje-Peru-1024x393.png 1024w, https:\/\/fisiomasajeperu.com\/wp-content\/uploads\/2022\/01\/MASAJE-DEPORTIVO-CON-DESCARGA-MUSCULAR-Fisiomasaje-Peru-600x230.png 600w, https:\/\/fisiomasajeperu.com\/wp-content\/uploads\/2022\/01\/MASAJE-DEPORTIVO-CON-DESCARGA-MUSCULAR-Fisiomasaje-Peru-300x115.png 300w, https:\/\/fisiomasajeperu.com\/wp-content\/uploads\/2022\/01\/MASAJE-DEPORTIVO-CON-DESCARGA-MUSCULAR-Fisiomasaje-Peru-768x295.png 768w, https:\/\/fisiomasajeperu.com\/wp-content\/uploads\/2022\/01\/MASAJE-DEPORTIVO-CON-DESCARGA-MUSCULAR-Fisiomasaje-Peru.png 1250w\" sizes=\"(max-width: 1024px) 100vw, 1024px\" \/><\/a><\/figure>\n\n\n\n<h3 class=\"has-text-align-center wp-block-heading\" id=\"masaje-deportivo\"><a href=\"https:\/\/fisiomasajeperu.com\/en\/servicio_masajes\/masaje-deportivo-c-descarga-muscular\/\">Masaje Deportivo<\/a><\/h3>\n\n\n\n<figure class=\"wp-block-table\"><table><tbody><tr><td class=\"has-text-align-center\" data-align=\"center\"><strong>For 30 min:<\/strong><\/td><td class=\"has-text-align-center\" data-align=\"center\"><strong>For 60 min:<\/strong><\/td><\/tr><tr><td class=\"has-text-align-center\" data-align=\"center\">S\/ 40,00<\/td><td class=\"has-text-align-center\" data-align=\"center\">S\/ 70,00<\/td><\/tr><\/tbody><\/table><\/figure>\n\n\n\n<figure class=\"wp-block-image size-large\"><a href=\"https:\/\/fisiomasajeperu.com\/en\/servicio_masajes\/drenaje-linfatico\/\"><img loading=\"lazy\" decoding=\"async\" width=\"1024\" height=\"393\" src=\"https:\/\/fisiomasajeperu.com\/wp-content\/uploads\/2022\/01\/DRENAJE-LINFATICO-Fisiomasaje-Peru-1024x393.png\" alt=\"\" class=\"wp-image-592\" srcset=\"https:\/\/fisiomasajeperu.com\/wp-content\/uploads\/2022\/01\/DRENAJE-LINFATICO-Fisiomasaje-Peru-1024x393.png 1024w, https:\/\/fisiomasajeperu.com\/wp-content\/uploads\/2022\/01\/DRENAJE-LINFATICO-Fisiomasaje-Peru-600x230.png 600w, https:\/\/fisiomasajeperu.com\/wp-content\/uploads\/2022\/01\/DRENAJE-LINFATICO-Fisiomasaje-Peru-300x115.png 300w, https:\/\/fisiomasajeperu.com\/wp-content\/uploads\/2022\/01\/DRENAJE-LINFATICO-Fisiomasaje-Peru-768x295.png 768w, https:\/\/fisiomasajeperu.com\/wp-content\/uploads\/2022\/01\/DRENAJE-LINFATICO-Fisiomasaje-Peru.png 1250w\" sizes=\"(max-width: 1024px) 100vw, 1024px\" \/><\/a><\/figure>\n\n\n\n<h3 class=\"has-text-align-center wp-block-heading\" id=\"drenaje-linfatico\"><a href=\"https:\/\/fisiomasajeperu.com\/en\/servicio_masajes\/drenaje-linfatico\/\">Lymphatic Dranage Massage<\/a><\/h3>\n\n\n\n<figure class=\"wp-block-table\"><table><tbody><tr><td class=\"has-text-align-center\" data-align=\"center\"><strong>For 30 min:<\/strong><\/td><td class=\"has-text-align-center\" data-align=\"center\"><strong>For 60 min:<\/strong><\/td><\/tr><tr><td class=\"has-text-align-center\" data-align=\"center\">S\/ 40,00<\/td><td class=\"has-text-align-center\" data-align=\"center\">S\/ 70,00<\/td><\/tr><\/tbody><\/table><\/figure>\n<\/div>\n\n\n\n<div class=\"wp-block-column is-layout-flow wp-block-column-is-layout-flow\">\n<figure class=\"wp-block-image size-large\"><a href=\"https:\/\/fisiomasajeperu.com\/en\/servicio_masajes\/masaje-terapeutico\/\"><img loading=\"lazy\" decoding=\"async\" width=\"1024\" height=\"393\" src=\"https:\/\/fisiomasajeperu.com\/wp-content\/uploads\/2022\/01\/MASAJE-TERAPEUTICO-Fisiomasaje-Peru-1024x393.png\" alt=\"\" class=\"wp-image-597\" srcset=\"https:\/\/fisiomasajeperu.com\/wp-content\/uploads\/2022\/01\/MASAJE-TERAPEUTICO-Fisiomasaje-Peru-1024x393.png 1024w, https:\/\/fisiomasajeperu.com\/wp-content\/uploads\/2022\/01\/MASAJE-TERAPEUTICO-Fisiomasaje-Peru-600x230.png 600w, https:\/\/fisiomasajeperu.com\/wp-content\/uploads\/2022\/01\/MASAJE-TERAPEUTICO-Fisiomasaje-Peru-300x115.png 300w, https:\/\/fisiomasajeperu.com\/wp-content\/uploads\/2022\/01\/MASAJE-TERAPEUTICO-Fisiomasaje-Peru-768x295.png 768w, https:\/\/fisiomasajeperu.com\/wp-content\/uploads\/2022\/01\/MASAJE-TERAPEUTICO-Fisiomasaje-Peru.png 1250w\" sizes=\"(max-width: 1024px) 100vw, 1024px\" \/><\/a><\/figure>\n\n\n\n<h3 class=\"has-text-align-center wp-block-heading\" id=\"masaje-terapeutico\"><a href=\"https:\/\/fisiomasajeperu.com\/en\/servicio_masajes\/masaje-terapeutico\/\">Therapeutic massage<\/a><\/h3>\n\n\n\n<figure class=\"wp-block-table\"><table><tbody><tr><td class=\"has-text-align-center\" data-align=\"center\"><strong>For 30 min:<\/strong><\/td><td class=\"has-text-align-center\" data-align=\"center\"><strong>For 60 min:<\/strong><\/td><\/tr><tr><td class=\"has-text-align-center\" data-align=\"center\">S\/ 35,00<\/td><td class=\"has-text-align-center\" data-align=\"center\">S\/ 60,00<\/td><\/tr><\/tbody><\/table><\/figure>\n\n\n\n<figure class=\"wp-block-image size-large\"><a href=\"https:\/\/fisiomasajeperu.com\/en\/servicio_masajes\/masaje-reductor-c-crema\/\"><img loading=\"lazy\" decoding=\"async\" width=\"1024\" height=\"393\" src=\"https:\/\/fisiomasajeperu.com\/wp-content\/uploads\/2022\/01\/MASAJES-REDUCTORES-Fisiomasaje-Peru-1024x393.png\" alt=\"\" class=\"wp-image-599\" srcset=\"https:\/\/fisiomasajeperu.com\/wp-content\/uploads\/2022\/01\/MASAJES-REDUCTORES-Fisiomasaje-Peru-1024x393.png 1024w, https:\/\/fisiomasajeperu.com\/wp-content\/uploads\/2022\/01\/MASAJES-REDUCTORES-Fisiomasaje-Peru-600x230.png 600w, https:\/\/fisiomasajeperu.com\/wp-content\/uploads\/2022\/01\/MASAJES-REDUCTORES-Fisiomasaje-Peru-300x115.png 300w, https:\/\/fisiomasajeperu.com\/wp-content\/uploads\/2022\/01\/MASAJES-REDUCTORES-Fisiomasaje-Peru-768x295.png 768w, https:\/\/fisiomasajeperu.com\/wp-content\/uploads\/2022\/01\/MASAJES-REDUCTORES-Fisiomasaje-Peru.png 1250w\" sizes=\"(max-width: 1024px) 100vw, 1024px\" \/><\/a><\/figure>\n\n\n\n<h3 class=\"has-text-align-center wp-block-heading\" id=\"masaje-reductor-c-crema\"><a href=\"https:\/\/fisiomasajeperu.com\/en\/servicio_masajes\/masaje-reductor-c-crema\/\">Reduction Massage<\/a><\/h3>\n\n\n\n<figure class=\"wp-block-table\"><table><tbody><tr><td class=\"has-text-align-center\" data-align=\"center\"><strong>For 30 min:<\/strong><\/td><td class=\"has-text-align-center\" data-align=\"center\"><strong>For 60 min:<\/strong><\/td><\/tr><tr><td class=\"has-text-align-center\" data-align=\"center\">S\/ 40,00<\/td><td class=\"has-text-align-center\" data-align=\"center\">S\/ 70,00<\/td><\/tr><\/tbody><\/table><\/figure>\n\n\n\n<figure class=\"wp-block-image size-large\"><a href=\"https:\/\/fisiomasajeperu.com\/en\/servicio_masajes\/reflexologia\/\"><img loading=\"lazy\" decoding=\"async\" width=\"1024\" height=\"393\" src=\"https:\/\/fisiomasajeperu.com\/wp-content\/uploads\/2022\/01\/REFLEXOLOGIA-Fisiomasaje-Peru-1024x393.png\" alt=\"\" class=\"wp-image-601\" srcset=\"https:\/\/fisiomasajeperu.com\/wp-content\/uploads\/2022\/01\/REFLEXOLOGIA-Fisiomasaje-Peru-1024x393.png 1024w, https:\/\/fisiomasajeperu.com\/wp-content\/uploads\/2022\/01\/REFLEXOLOGIA-Fisiomasaje-Peru-600x230.png 600w, https:\/\/fisiomasajeperu.com\/wp-content\/uploads\/2022\/01\/REFLEXOLOGIA-Fisiomasaje-Peru-300x115.png 300w, https:\/\/fisiomasajeperu.com\/wp-content\/uploads\/2022\/01\/REFLEXOLOGIA-Fisiomasaje-Peru-768x295.png 768w, https:\/\/fisiomasajeperu.com\/wp-content\/uploads\/2022\/01\/REFLEXOLOGIA-Fisiomasaje-Peru.png 1250w\" sizes=\"(max-width: 1024px) 100vw, 1024px\" \/><\/a><\/figure>\n\n\n\n<h3 class=\"has-text-align-center wp-block-heading\" id=\"reflexologia\"><a href=\"https:\/\/fisiomasajeperu.com\/en\/servicio_masajes\/reflexologia\/\">Reflexology<\/a><\/h3>\n\n\n\n<figure class=\"wp-block-table\"><table><tbody><tr><td class=\"has-text-align-center\" data-align=\"center\"><strong>For 30 min:<\/strong><\/td><td class=\"has-text-align-center\" data-align=\"center\"><strong>For 60 min:<\/strong><\/td><\/tr><tr><td class=\"has-text-align-center\" data-align=\"center\">S\/ 35,00<\/td><td class=\"has-text-align-center\" data-align=\"center\">S\/ 60,00<\/td><\/tr><\/tbody><\/table><\/figure>\n\n\n\n<figure class=\"wp-block-image size-large\"><a href=\"https:\/\/fisiomasajeperu.com\/en\/servicio_masajes\/masaje-shiatsu\/\"><img loading=\"lazy\" decoding=\"async\" width=\"1024\" height=\"393\" src=\"https:\/\/fisiomasajeperu.com\/wp-content\/uploads\/2022\/01\/MASAJE-SHIATSU-Fisiomasaje-Peru-1024x393.png\" alt=\"\" class=\"wp-image-596\" srcset=\"https:\/\/fisiomasajeperu.com\/wp-content\/uploads\/2022\/01\/MASAJE-SHIATSU-Fisiomasaje-Peru-1024x393.png 1024w, https:\/\/fisiomasajeperu.com\/wp-content\/uploads\/2022\/01\/MASAJE-SHIATSU-Fisiomasaje-Peru-600x230.png 600w, https:\/\/fisiomasajeperu.com\/wp-content\/uploads\/2022\/01\/MASAJE-SHIATSU-Fisiomasaje-Peru-300x115.png 300w, https:\/\/fisiomasajeperu.com\/wp-content\/uploads\/2022\/01\/MASAJE-SHIATSU-Fisiomasaje-Peru-768x295.png 768w, https:\/\/fisiomasajeperu.com\/wp-content\/uploads\/2022\/01\/MASAJE-SHIATSU-Fisiomasaje-Peru.png 1250w\" sizes=\"(max-width: 1024px) 100vw, 1024px\" \/><\/a><\/figure>\n\n\n\n<h3 class=\"has-text-align-center wp-block-heading\" id=\"masaje-shiatsu\"><a href=\"https:\/\/fisiomasajeperu.com\/en\/servicio_masajes\/masaje-shiatsu\/\">Shiatsu Massage<\/a><\/h3>\n\n\n\n<figure class=\"wp-block-table\"><table><tbody><tr><td class=\"has-text-align-center\" data-align=\"center\"><strong>For 30 min:<\/strong><\/td><td class=\"has-text-align-center\" data-align=\"center\"><strong>For 60 min:<\/strong><\/td><\/tr><tr><td class=\"has-text-align-center\" data-align=\"center\">S\/ 40,00<\/td><td class=\"has-text-align-center\" data-align=\"center\">S\/ 70,00<\/td><\/tr><\/tbody><\/table><\/figure>\n<\/div>\n<\/div>\n\n\n\n<div class=\"wp-block-buttons is-layout-flex wp-block-buttons-is-layout-flex\">\n<div class=\"wp-block-button aligncenter is-style-fill\"><a class=\"wp-block-button__link has-black-color has-accent-background-color has-text-color has-background wp-element-button\" href=\"https:\/\/fisiomasajeperu.com\/en\/RESERVAR\/\" style=\"border-radius:30px\"><strong>I want to reserve!<\/strong><\/a><\/div>\n<\/div>\n\n\n\n<p class=\"wp-block-paragraph\"><\/p>\n\n\n\n<div class=\"wp-block-buttons is-layout-flex wp-block-buttons-is-layout-flex\">\n<div class=\"wp-block-button aligncenter is-style-fill\"><a class=\"wp-block-button__link has-black-color has-background-color-background-color has-text-color has-background wp-element-button\" href=\"https:\/\/fisiomasajeperu.com\/en\/\" style=\"border-radius:30px\"><strong>Ir al Inicio<\/strong><\/a><\/div>\n<\/div>\n\n\n\n<p class=\"wp-block-paragraph\"><\/p>\n\n\n\n<p class=\"wp-block-paragraph\"><\/p>","protected":false},"excerpt":{"rendered":"<p>Conoce nuestros PRECIOS por 30 min y por 60 min de servicios: (Dale Click a cada uno para conocer los BENEFICIOS) Masaje Relajante Por 30 min Por 60 min S\/ 35,00 S\/ 60,00 Masaje Descontracturante Por 30 min Por 60 min S\/ 35,00 S\/ 60,00 Masaje Deportivo Por 30 min [&hellip;]<\/p>\n","protected":false},"author":1,"featured_media":598,"parent":0,"menu_order":0,"comment_status":"closed","ping_status":"closed","template":"","meta":{"_crdt_document":"","_joinchat":[],"footnotes":""},"class_list":["post-444","page","type-page","status-publish","has-post-thumbnail","hentry"],"yoast_head":"<!-- This site is optimized with the Yoast SEO plugin v27.4 - https:\/\/yoast.com\/product\/yoast-seo-wordpress\/ -->\n<title>MASAJES - FISIOMASAJE PER\u00da<\/title>\n<meta name=\"description\" content=\"PRECIOS: Por 30 min \/ Por 60 min \/ Masaje Relajante - Masaje Descontracturante - Masaje Deportivo - Masaje Reductor c\/crema ....\" \/>\n<meta name=\"robots\" content=\"index, follow, max-snippet:-1, max-image-preview:large, max-video-preview:-1\" \/>\n<link rel=\"canonical\" href=\"https:\/\/fisiomasajeperu.com\/en\/masajes\/\" \/>\n<meta property=\"og:locale\" content=\"en_US\" \/>\n<meta property=\"og:type\" content=\"article\" \/>\n<meta property=\"og:title\" content=\"MASAJES - FISIOMASAJE PER\u00da\" \/>\n<meta property=\"og:description\" content=\"PRECIOS: Por 30 min \/ Por 60 min \/ Masaje Relajante - Masaje Descontracturante - Masaje Deportivo - Masaje Reductor c\/crema ....\" \/>\n<meta property=\"og:url\" content=\"https:\/\/fisiomasajeperu.com\/en\/masajes\/\" \/>\n<meta property=\"og:site_name\" content=\"FISIOMASAJE PER\u00da\" \/>\n<meta property=\"article:modified_time\" content=\"2022-09-30T16:08:37+00:00\" \/>\n<meta property=\"og:image\" content=\"https:\/\/fisiomasajeperu.com\/wp-content\/uploads\/2022\/01\/MASAJES-Fisiomasaje-Peru.png\" \/>\n\t<meta property=\"og:image:width\" content=\"1250\" \/>\n\t<meta property=\"og:image:height\" content=\"480\" \/>\n\t<meta property=\"og:image:type\" content=\"image\/png\" \/>\n<meta name=\"twitter:card\" content=\"summary_large_image\" \/>\n<meta name=\"twitter:label1\" content=\"Est. reading time\" \/>\n\t<meta name=\"twitter:data1\" content=\"3 minutes\" \/>\n<script type=\"application\/ld+json\" class=\"yoast-schema-graph\">{\"@context\":\"https:\\\/\\\/schema.org\",\"@graph\":[{\"@type\":\"WebPage\",\"@id\":\"https:\\\/\\\/fisiomasajeperu.com\\\/masajes\\\/\",\"url\":\"https:\\\/\\\/fisiomasajeperu.com\\\/masajes\\\/\",\"name\":\"MASAJES - FISIOMASAJE PER\u00da\",\"isPartOf\":{\"@id\":\"https:\\\/\\\/fisiomasajeperu.com\\\/#website\"},\"primaryImageOfPage\":{\"@id\":\"https:\\\/\\\/fisiomasajeperu.com\\\/masajes\\\/#primaryimage\"},\"image\":{\"@id\":\"https:\\\/\\\/fisiomasajeperu.com\\\/masajes\\\/#primaryimage\"},\"thumbnailUrl\":\"https:\\\/\\\/fisiomasajeperu.com\\\/wp-content\\\/uploads\\\/2022\\\/01\\\/MASAJES-Fisiomasaje-Peru.png\",\"datePublished\":\"2021-12-09T02:16:50+00:00\",\"dateModified\":\"2022-09-30T16:08:37+00:00\",\"description\":\"PRECIOS: Por 30 min \\\/ Por 60 min \\\/ Masaje Relajante - Masaje Descontracturante - Masaje Deportivo - Masaje Reductor c\\\/crema ....\",\"breadcrumb\":{\"@id\":\"https:\\\/\\\/fisiomasajeperu.com\\\/masajes\\\/#breadcrumb\"},\"inLanguage\":\"en-US\",\"potentialAction\":[{\"@type\":\"ReadAction\",\"target\":[\"https:\\\/\\\/fisiomasajeperu.com\\\/masajes\\\/\"]}]},{\"@type\":\"ImageObject\",\"inLanguage\":\"en-US\",\"@id\":\"https:\\\/\\\/fisiomasajeperu.com\\\/masajes\\\/#primaryimage\",\"url\":\"https:\\\/\\\/fisiomasajeperu.com\\\/wp-content\\\/uploads\\\/2022\\\/01\\\/MASAJES-Fisiomasaje-Peru.png\",\"contentUrl\":\"https:\\\/\\\/fisiomasajeperu.com\\\/wp-content\\\/uploads\\\/2022\\\/01\\\/MASAJES-Fisiomasaje-Peru.png\",\"width\":1250,\"height\":480,\"caption\":\"masajes relajantes reservar\"},{\"@type\":\"BreadcrumbList\",\"@id\":\"https:\\\/\\\/fisiomasajeperu.com\\\/masajes\\\/#breadcrumb\",\"itemListElement\":[{\"@type\":\"ListItem\",\"position\":1,\"name\":\"Portada\",\"item\":\"https:\\\/\\\/fisiomasajeperu.com\\\/\"},{\"@type\":\"ListItem\",\"position\":2,\"name\":\"MASAJES\"}]},{\"@type\":\"WebSite\",\"@id\":\"https:\\\/\\\/fisiomasajeperu.com\\\/#website\",\"url\":\"https:\\\/\\\/fisiomasajeperu.com\\\/\",\"name\":\"FISIOMASAJE PER\u00da\",\"description\":\"Centro de Masajes, Podolog\u00eda y Terapia F\u00edsica\",\"publisher\":{\"@id\":\"https:\\\/\\\/fisiomasajeperu.com\\\/#organization\"},\"potentialAction\":[{\"@type\":\"SearchAction\",\"target\":{\"@type\":\"EntryPoint\",\"urlTemplate\":\"https:\\\/\\\/fisiomasajeperu.com\\\/?s={search_term_string}\"},\"query-input\":{\"@type\":\"PropertyValueSpecification\",\"valueRequired\":true,\"valueName\":\"search_term_string\"}}],\"inLanguage\":\"en-US\"},{\"@type\":\"Organization\",\"@id\":\"https:\\\/\\\/fisiomasajeperu.com\\\/#organization\",\"name\":\"FISIOMASAJE PER\u00da\",\"url\":\"https:\\\/\\\/fisiomasajeperu.com\\\/\",\"logo\":{\"@type\":\"ImageObject\",\"inLanguage\":\"en-US\",\"@id\":\"https:\\\/\\\/fisiomasajeperu.com\\\/#\\\/schema\\\/logo\\\/image\\\/\",\"url\":\"https:\\\/\\\/fisiomasajeperu.com\\\/wp-content\\\/uploads\\\/2021\\\/12\\\/cropped-nuevo-logo.png\",\"contentUrl\":\"https:\\\/\\\/fisiomasajeperu.com\\\/wp-content\\\/uploads\\\/2021\\\/12\\\/cropped-nuevo-logo.png\",\"width\":305,\"height\":76,\"caption\":\"FISIOMASAJE PER\u00da\"},\"image\":{\"@id\":\"https:\\\/\\\/fisiomasajeperu.com\\\/#\\\/schema\\\/logo\\\/image\\\/\"}}]}<\/script>\n<!-- \/ Yoast SEO plugin. -->","yoast_head_json":{"title":"MASAJES - FISIOMASAJE PER\u00da","description":"PRECIOS: Por 30 min \/ Por 60 min \/ Masaje Relajante - Masaje Descontracturante - Masaje Deportivo - Masaje Reductor c\/crema ....","robots":{"index":"index","follow":"follow","max-snippet":"max-snippet:-1","max-image-preview":"max-image-preview:large","max-video-preview":"max-video-preview:-1"},"canonical":"https:\/\/fisiomasajeperu.com\/en\/masajes\/","og_locale":"en_US","og_type":"article","og_title":"MASAJES - FISIOMASAJE PER\u00da","og_description":"PRECIOS: Por 30 min \/ Por 60 min \/ Masaje Relajante - Masaje Descontracturante - Masaje Deportivo - Masaje Reductor c\/crema ....","og_url":"https:\/\/fisiomasajeperu.com\/en\/masajes\/","og_site_name":"FISIOMASAJE PER\u00da","article_modified_time":"2022-09-30T16:08:37+00:00","og_image":[{"width":1250,"height":480,"url":"https:\/\/fisiomasajeperu.com\/wp-content\/uploads\/2022\/01\/MASAJES-Fisiomasaje-Peru.png","type":"image\/png"}],"twitter_card":"summary_large_image","twitter_misc":{"Est. reading time":"3 minutes"},"schema":{"@context":"https:\/\/schema.org","@graph":[{"@type":"WebPage","@id":"https:\/\/fisiomasajeperu.com\/masajes\/","url":"https:\/\/fisiomasajeperu.com\/masajes\/","name":"MASAJES - FISIOMASAJE PER\u00da","isPartOf":{"@id":"https:\/\/fisiomasajeperu.com\/#website"},"primaryImageOfPage":{"@id":"https:\/\/fisiomasajeperu.com\/masajes\/#primaryimage"},"image":{"@id":"https:\/\/fisiomasajeperu.com\/masajes\/#primaryimage"},"thumbnailUrl":"https:\/\/fisiomasajeperu.com\/wp-content\/uploads\/2022\/01\/MASAJES-Fisiomasaje-Peru.png","datePublished":"2021-12-09T02:16:50+00:00","dateModified":"2022-09-30T16:08:37+00:00","description":"PRECIOS: Por 30 min \/ Por 60 min \/ Masaje Relajante - Masaje Descontracturante - Masaje Deportivo - Masaje Reductor c\/crema ....","breadcrumb":{"@id":"https:\/\/fisiomasajeperu.com\/masajes\/#breadcrumb"},"inLanguage":"en-US","potentialAction":[{"@type":"ReadAction","target":["https:\/\/fisiomasajeperu.com\/masajes\/"]}]},{"@type":"ImageObject","inLanguage":"en-US","@id":"https:\/\/fisiomasajeperu.com\/masajes\/#primaryimage","url":"https:\/\/fisiomasajeperu.com\/wp-content\/uploads\/2022\/01\/MASAJES-Fisiomasaje-Peru.png","contentUrl":"https:\/\/fisiomasajeperu.com\/wp-content\/uploads\/2022\/01\/MASAJES-Fisiomasaje-Peru.png","width":1250,"height":480,"caption":"masajes relajantes reservar"},{"@type":"BreadcrumbList","@id":"https:\/\/fisiomasajeperu.com\/masajes\/#breadcrumb","itemListElement":[{"@type":"ListItem","position":1,"name":"Portada","item":"https:\/\/fisiomasajeperu.com\/"},{"@type":"ListItem","position":2,"name":"MASAJES"}]},{"@type":"WebSite","@id":"https:\/\/fisiomasajeperu.com\/#website","url":"https:\/\/fisiomasajeperu.com\/","name":"FISIOMASAJE PER\u00da","description":"Centro de Masajes, Podolog\u00eda y Terapia F\u00edsica","publisher":{"@id":"https:\/\/fisiomasajeperu.com\/#organization"},"potentialAction":[{"@type":"SearchAction","target":{"@type":"EntryPoint","urlTemplate":"https:\/\/fisiomasajeperu.com\/?s={search_term_string}"},"query-input":{"@type":"PropertyValueSpecification","valueRequired":true,"valueName":"search_term_string"}}],"inLanguage":"en-US"},{"@type":"Organization","@id":"https:\/\/fisiomasajeperu.com\/#organization","name":"FISIOMASAJE PER\u00da","url":"https:\/\/fisiomasajeperu.com\/","logo":{"@type":"ImageObject","inLanguage":"en-US","@id":"https:\/\/fisiomasajeperu.com\/#\/schema\/logo\/image\/","url":"https:\/\/fisiomasajeperu.com\/wp-content\/uploads\/2021\/12\/cropped-nuevo-logo.png","contentUrl":"https:\/\/fisiomasajeperu.com\/wp-content\/uploads\/2021\/12\/cropped-nuevo-logo.png","width":305,"height":76,"caption":"FISIOMASAJE PER\u00da"},"image":{"@id":"https:\/\/fisiomasajeperu.com\/#\/schema\/logo\/image\/"}}]}},"_links":{"self":[{"href":"https:\/\/fisiomasajeperu.com\/en\/wp-json\/wp\/v2\/pages\/444","targetHints":{"allow":["GET"]}}],"collection":[{"href":"https:\/\/fisiomasajeperu.com\/en\/wp-json\/wp\/v2\/pages"}],"about":[{"href":"https:\/\/fisiomasajeperu.com\/en\/wp-json\/wp\/v2\/types\/page"}],"author":[{"embeddable":true,"href":"https:\/\/fisiomasajeperu.com\/en\/wp-json\/wp\/v2\/users\/1"}],"replies":[{"embeddable":true,"href":"https:\/\/fisiomasajeperu.com\/en\/wp-json\/wp\/v2\/comments?post=444"}],"version-history":[{"count":31,"href":"https:\/\/fisiomasajeperu.com\/en\/wp-json\/wp\/v2\/pages\/444\/revisions"}],"predecessor-version":[{"id":959,"href":"https:\/\/fisiomasajeperu.com\/en\/wp-json\/wp\/v2\/pages\/444\/revisions\/959"}],"wp:featuredmedia":[{"embeddable":true,"href":"https:\/\/fisiomasajeperu.com\/en\/wp-json\/wp\/v2\/media\/598"}],"wp:attachment":[{"href":"https:\/\/fisiomasajeperu.com\/en\/wp-json\/wp\/v2\/media?parent=444"}],"curies":[{"name":"wp","href":"https:\/\/api.w.org\/{rel}","templated":true}]}}