{"id":2073,"date":"2023-02-08T22:28:35","date_gmt":"2023-02-09T03:28:35","guid":{"rendered":"https:\/\/fisiomasajeperu.com\/?page_id=2073"},"modified":"2026-03-12T13:36:10","modified_gmt":"2026-03-12T18:36:10","slug":"mi-cuenta","status":"publish","type":"page","link":"https:\/\/fisiomasajeperu.com\/en\/mi-cuenta\/","title":{"rendered":"Mi Cuenta"},"content":{"rendered":"\t\t<div data-elementor-type=\"wp-page\" data-elementor-id=\"2073\" class=\"elementor elementor-2073\">\n\t\t\t\t\t\t<section class=\"elementor-section elementor-top-section elementor-element elementor-element-ed47c5a elementor-section-height-min-height elementor-section-boxed elementor-section-height-default elementor-section-items-middle\" data-id=\"ed47c5a\" data-element_type=\"section\" data-e-type=\"section\" data-settings=\"{&quot;background_background&quot;:&quot;classic&quot;}\">\n\t\t\t\t\t\t<div class=\"elementor-container elementor-column-gap-default\">\n\t\t\t\t\t<div class=\"elementor-column elementor-col-100 elementor-top-column elementor-element elementor-element-11ad375\" data-id=\"11ad375\" data-element_type=\"column\" data-e-type=\"column\">\n\t\t\t<div class=\"elementor-widget-wrap elementor-element-populated\">\n\t\t\t\t\t\t<div class=\"elementor-element elementor-element-f027fe1 elementor-widget elementor-widget-heading\" data-id=\"f027fe1\" data-element_type=\"widget\" data-e-type=\"widget\" data-widget_type=\"heading.default\">\n\t\t\t\t<div class=\"elementor-widget-container\">\n\t\t\t\t\t<h2 class=\"elementor-heading-title elementor-size-default\">Mi Cuenta<\/h2>\t\t\t\t<\/div>\n\t\t\t\t<\/div>\n\t\t\t\t\t<\/div>\n\t\t<\/div>\n\t\t\t\t\t<\/div>\n\t\t<\/section>\n\t\t\t\t<section class=\"elementor-section elementor-top-section elementor-element elementor-element-19c5895 elementor-section-boxed elementor-section-height-default elementor-section-height-default\" data-id=\"19c5895\" data-element_type=\"section\" data-e-type=\"section\">\n\t\t\t\t\t\t<div class=\"elementor-container elementor-column-gap-default\">\n\t\t\t\t\t<div class=\"elementor-column elementor-col-100 elementor-top-column elementor-element elementor-element-6ff469a\" data-id=\"6ff469a\" data-element_type=\"column\" data-e-type=\"column\">\n\t\t\t<div class=\"elementor-widget-wrap elementor-element-populated\">\n\t\t\t\t\t\t<div class=\"elementor-element elementor-element-49b534e elementor-widget elementor-widget-spacer\" data-id=\"49b534e\" data-element_type=\"widget\" data-e-type=\"widget\" data-widget_type=\"spacer.default\">\n\t\t\t\t<div class=\"elementor-widget-container\">\n\t\t\t\t\t\t\t<div class=\"elementor-spacer\">\n\t\t\t<div class=\"elementor-spacer-inner\"><\/div>\n\t\t<\/div>\n\t\t\t\t\t\t<\/div>\n\t\t\t\t<\/div>\n\t\t\t\t<div class=\"elementor-element elementor-element-5647102 e-my-account-tabs-vertical elementor-widget elementor-widget-woocommerce-my-account\" data-id=\"5647102\" data-element_type=\"widget\" data-e-type=\"widget\" data-settings=\"{&quot;customize_dashboard_check&quot;:&quot;yes&quot;}\" data-widget_type=\"woocommerce-my-account.default\">\n\t\t\t\t<div class=\"elementor-widget-container\">\n\t\t\t\t\t<div class=\"e-my-account-tab e-my-account-tab__ \">\t\t\t<span class=\"elementor-hidden\">[woocommerce_my_account]<\/span>\n\t\t\t<div class=\"woocommerce\"><\/div>\t\t<\/div>\n\t\t\t\t\t\t<\/div>\n\t\t\t\t<\/div>\n\t\t\t\t\t<\/div>\n\t\t<\/div>\n\t\t\t\t\t<\/div>\n\t\t<\/section>\n\t\t\t\t<section class=\"elementor-section elementor-top-section elementor-element elementor-element-cb86d47 elementor-section-boxed elementor-section-height-default elementor-section-height-default\" data-id=\"cb86d47\" data-element_type=\"section\" data-e-type=\"section\">\n\t\t\t\t\t\t<div class=\"elementor-container elementor-column-gap-default\">\n\t\t\t\t\t<div class=\"elementor-column elementor-col-100 elementor-top-column elementor-element elementor-element-ca16fef\" data-id=\"ca16fef\" data-element_type=\"column\" data-e-type=\"column\">\n\t\t\t<div class=\"elementor-widget-wrap elementor-element-populated\">\n\t\t\t\t\t\t<div class=\"elementor-element elementor-element-3424d3f elementor-widget elementor-widget-spacer\" data-id=\"3424d3f\" data-element_type=\"widget\" data-e-type=\"widget\" data-widget_type=\"spacer.default\">\n\t\t\t\t<div class=\"elementor-widget-container\">\n\t\t\t\t\t\t\t<div class=\"elementor-spacer\">\n\t\t\t<div class=\"elementor-spacer-inner\"><\/div>\n\t\t<\/div>\n\t\t\t\t\t\t<\/div>\n\t\t\t\t<\/div>\n\t\t\t\t<div class=\"elementor-element elementor-element-dc05923 elementor-align-center elementor-widget elementor-widget-button\" data-id=\"dc05923\" data-element_type=\"widget\" data-e-type=\"widget\" data-widget_type=\"button.default\">\n\t\t\t\t<div class=\"elementor-widget-container\">\n\t\t\t\t\t\t\t\t\t<div class=\"elementor-button-wrapper\">\n\t\t\t\t\t<a class=\"elementor-button elementor-button-link elementor-size-sm\" href=\"https:\/\/fisiomasajeperu.com\/carrito\/\">\n\t\t\t\t\t\t<span class=\"elementor-button-content-wrapper\">\n\t\t\t\t\t\t<span class=\"elementor-button-icon\">\n\t\t\t\t<i aria-hidden=\"true\" class=\"fas fa-shopping-cart\"><\/i>\t\t\t<\/span>\n\t\t\t\t\t\t\t\t\t<span class=\"elementor-button-text\">IR A MI CARRITO<\/span>\n\t\t\t\t\t<\/span>\n\t\t\t\t\t<\/a>\n\t\t\t\t<\/div>\n\t\t\t\t\t\t\t\t<\/div>\n\t\t\t\t<\/div>\n\t\t\t\t\t<\/div>\n\t\t<\/div>\n\t\t\t\t\t<\/div>\n\t\t<\/section>\n\t\t\t\t<\/div>\n\t\t","protected":false},"excerpt":{"rendered":"<p>Mi Cuenta General Reservas Pedidos Mi informaci\u00f3n Cerrar Sesi\u00f3n General Reservas Pedidos Mi informaci\u00f3n Cerrar Sesi\u00f3n General Reservas Pedidos Mi informaci\u00f3n Cerrar Sesi\u00f3n Hola contactanos (\u00bfno eres contactanos? Cerrar sesi\u00f3n) Desde el escritorio de tu cuenta puedes ver tus pedidos recientes, gestionar tus direcciones de env\u00edo y facturaci\u00f3n y editar [&hellip;]<\/p>\n","protected":false},"author":1,"featured_media":0,"parent":0,"menu_order":0,"comment_status":"closed","ping_status":"closed","template":"page-templates\/template-pagebuilder-full-width.php","meta":{"_crdt_document":"","_joinchat":[],"footnotes":""},"class_list":["post-2073","page","type-page","status-publish","hentry"],"yoast_head":"<!-- This site is optimized with the Yoast SEO plugin v27.5 - https:\/\/yoast.com\/product\/yoast-seo-wordpress\/ -->\n<title>Mi Cuenta - FISIOMASAJE PER\u00da<\/title>\n<meta name=\"robots\" content=\"index, follow, max-snippet:-1, max-image-preview:large, max-video-preview:-1\" \/>\n<link rel=\"canonical\" href=\"https:\/\/fisiomasajeperu.com\/en\/mi-cuenta\/\" \/>\n<meta property=\"og:locale\" content=\"en_US\" \/>\n<meta property=\"og:type\" content=\"article\" \/>\n<meta property=\"og:title\" content=\"Mi Cuenta - FISIOMASAJE PER\u00da\" \/>\n<meta property=\"og:description\" content=\"Mi Cuenta General Reservas Pedidos Mi informaci\u00f3n Cerrar Sesi\u00f3n General Reservas Pedidos Mi informaci\u00f3n Cerrar Sesi\u00f3n General Reservas Pedidos Mi informaci\u00f3n Cerrar Sesi\u00f3n Hola contactanos (\u00bfno eres contactanos? Cerrar sesi\u00f3n) Desde el escritorio de tu cuenta puedes ver tus pedidos recientes, gestionar tus direcciones de env\u00edo y facturaci\u00f3n y editar [&hellip;]\" \/>\n<meta property=\"og:url\" content=\"https:\/\/fisiomasajeperu.com\/en\/mi-cuenta\/\" \/>\n<meta property=\"og:site_name\" content=\"FISIOMASAJE PER\u00da\" \/>\n<meta property=\"article:modified_time\" content=\"2026-03-12T18:36:10+00:00\" \/>\n<meta name=\"twitter:card\" content=\"summary_large_image\" \/>\n<meta name=\"twitter:label1\" content=\"Est. reading time\" \/>\n\t<meta name=\"twitter:data1\" content=\"1 minute\" \/>\n<script type=\"application\/ld+json\" class=\"yoast-schema-graph\">{\"@context\":\"https:\\\/\\\/schema.org\",\"@graph\":[{\"@type\":\"WebPage\",\"@id\":\"https:\\\/\\\/fisiomasajeperu.com\\\/mi-cuenta\\\/\",\"url\":\"https:\\\/\\\/fisiomasajeperu.com\\\/mi-cuenta\\\/\",\"name\":\"Mi Cuenta - FISIOMASAJE PER\u00da\",\"isPartOf\":{\"@id\":\"https:\\\/\\\/fisiomasajeperu.com\\\/#website\"},\"datePublished\":\"2023-02-09T03:28:35+00:00\",\"dateModified\":\"2026-03-12T18:36:10+00:00\",\"breadcrumb\":{\"@id\":\"https:\\\/\\\/fisiomasajeperu.com\\\/mi-cuenta\\\/#breadcrumb\"},\"inLanguage\":\"en-US\",\"potentialAction\":[{\"@type\":\"ReadAction\",\"target\":[\"https:\\\/\\\/fisiomasajeperu.com\\\/mi-cuenta\\\/\"]}]},{\"@type\":\"BreadcrumbList\",\"@id\":\"https:\\\/\\\/fisiomasajeperu.com\\\/mi-cuenta\\\/#breadcrumb\",\"itemListElement\":[{\"@type\":\"ListItem\",\"position\":1,\"name\":\"Portada\",\"item\":\"https:\\\/\\\/fisiomasajeperu.com\\\/\"},{\"@type\":\"ListItem\",\"position\":2,\"name\":\"Mi Cuenta\"}]},{\"@type\":\"WebSite\",\"@id\":\"https:\\\/\\\/fisiomasajeperu.com\\\/#website\",\"url\":\"https:\\\/\\\/fisiomasajeperu.com\\\/\",\"name\":\"FISIOMASAJE PER\u00da\",\"description\":\"Centro de Masajes, Podolog\u00eda y Terapia F\u00edsica\",\"publisher\":{\"@id\":\"https:\\\/\\\/fisiomasajeperu.com\\\/#organization\"},\"potentialAction\":[{\"@type\":\"SearchAction\",\"target\":{\"@type\":\"EntryPoint\",\"urlTemplate\":\"https:\\\/\\\/fisiomasajeperu.com\\\/?s={search_term_string}\"},\"query-input\":{\"@type\":\"PropertyValueSpecification\",\"valueRequired\":true,\"valueName\":\"search_term_string\"}}],\"inLanguage\":\"en-US\"},{\"@type\":\"Organization\",\"@id\":\"https:\\\/\\\/fisiomasajeperu.com\\\/#organization\",\"name\":\"FISIOMASAJE PER\u00da\",\"url\":\"https:\\\/\\\/fisiomasajeperu.com\\\/\",\"logo\":{\"@type\":\"ImageObject\",\"inLanguage\":\"en-US\",\"@id\":\"https:\\\/\\\/fisiomasajeperu.com\\\/#\\\/schema\\\/logo\\\/image\\\/\",\"url\":\"https:\\\/\\\/fisiomasajeperu.com\\\/wp-content\\\/uploads\\\/2021\\\/12\\\/cropped-nuevo-logo.png\",\"contentUrl\":\"https:\\\/\\\/fisiomasajeperu.com\\\/wp-content\\\/uploads\\\/2021\\\/12\\\/cropped-nuevo-logo.png\",\"width\":305,\"height\":76,\"caption\":\"FISIOMASAJE PER\u00da\"},\"image\":{\"@id\":\"https:\\\/\\\/fisiomasajeperu.com\\\/#\\\/schema\\\/logo\\\/image\\\/\"}}]}<\/script>\n<!-- \/ Yoast SEO plugin. -->","yoast_head_json":{"title":"Mi Cuenta - FISIOMASAJE PER\u00da","robots":{"index":"index","follow":"follow","max-snippet":"max-snippet:-1","max-image-preview":"max-image-preview:large","max-video-preview":"max-video-preview:-1"},"canonical":"https:\/\/fisiomasajeperu.com\/en\/mi-cuenta\/","og_locale":"en_US","og_type":"article","og_title":"Mi Cuenta - FISIOMASAJE PER\u00da","og_description":"Mi Cuenta General Reservas Pedidos Mi informaci\u00f3n Cerrar Sesi\u00f3n General Reservas Pedidos Mi informaci\u00f3n Cerrar Sesi\u00f3n General Reservas Pedidos Mi informaci\u00f3n Cerrar Sesi\u00f3n Hola contactanos (\u00bfno eres contactanos? Cerrar sesi\u00f3n) Desde el escritorio de tu cuenta puedes ver tus pedidos recientes, gestionar tus direcciones de env\u00edo y facturaci\u00f3n y editar [&hellip;]","og_url":"https:\/\/fisiomasajeperu.com\/en\/mi-cuenta\/","og_site_name":"FISIOMASAJE PER\u00da","article_modified_time":"2026-03-12T18:36:10+00:00","twitter_card":"summary_large_image","twitter_misc":{"Est. reading time":"1 minute"},"schema":{"@context":"https:\/\/schema.org","@graph":[{"@type":"WebPage","@id":"https:\/\/fisiomasajeperu.com\/mi-cuenta\/","url":"https:\/\/fisiomasajeperu.com\/mi-cuenta\/","name":"Mi Cuenta - FISIOMASAJE PER\u00da","isPartOf":{"@id":"https:\/\/fisiomasajeperu.com\/#website"},"datePublished":"2023-02-09T03:28:35+00:00","dateModified":"2026-03-12T18:36:10+00:00","breadcrumb":{"@id":"https:\/\/fisiomasajeperu.com\/mi-cuenta\/#breadcrumb"},"inLanguage":"en-US","potentialAction":[{"@type":"ReadAction","target":["https:\/\/fisiomasajeperu.com\/mi-cuenta\/"]}]},{"@type":"BreadcrumbList","@id":"https:\/\/fisiomasajeperu.com\/mi-cuenta\/#breadcrumb","itemListElement":[{"@type":"ListItem","position":1,"name":"Portada","item":"https:\/\/fisiomasajeperu.com\/"},{"@type":"ListItem","position":2,"name":"Mi Cuenta"}]},{"@type":"WebSite","@id":"https:\/\/fisiomasajeperu.com\/#website","url":"https:\/\/fisiomasajeperu.com\/","name":"FISIOMASAJE PER\u00da","description":"Centro de Masajes, Podolog\u00eda y Terapia F\u00edsica","publisher":{"@id":"https:\/\/fisiomasajeperu.com\/#organization"},"potentialAction":[{"@type":"SearchAction","target":{"@type":"EntryPoint","urlTemplate":"https:\/\/fisiomasajeperu.com\/?s={search_term_string}"},"query-input":{"@type":"PropertyValueSpecification","valueRequired":true,"valueName":"search_term_string"}}],"inLanguage":"en-US"},{"@type":"Organization","@id":"https:\/\/fisiomasajeperu.com\/#organization","name":"FISIOMASAJE PER\u00da","url":"https:\/\/fisiomasajeperu.com\/","logo":{"@type":"ImageObject","inLanguage":"en-US","@id":"https:\/\/fisiomasajeperu.com\/#\/schema\/logo\/image\/","url":"https:\/\/fisiomasajeperu.com\/wp-content\/uploads\/2021\/12\/cropped-nuevo-logo.png","contentUrl":"https:\/\/fisiomasajeperu.com\/wp-content\/uploads\/2021\/12\/cropped-nuevo-logo.png","width":305,"height":76,"caption":"FISIOMASAJE PER\u00da"},"image":{"@id":"https:\/\/fisiomasajeperu.com\/#\/schema\/logo\/image\/"}}]}},"_links":{"self":[{"href":"https:\/\/fisiomasajeperu.com\/en\/wp-json\/wp\/v2\/pages\/2073","targetHints":{"allow":["GET"]}}],"collection":[{"href":"https:\/\/fisiomasajeperu.com\/en\/wp-json\/wp\/v2\/pages"}],"about":[{"href":"https:\/\/fisiomasajeperu.com\/en\/wp-json\/wp\/v2\/types\/page"}],"author":[{"embeddable":true,"href":"https:\/\/fisiomasajeperu.com\/en\/wp-json\/wp\/v2\/users\/1"}],"replies":[{"embeddable":true,"href":"https:\/\/fisiomasajeperu.com\/en\/wp-json\/wp\/v2\/comments?post=2073"}],"version-history":[{"count":10,"href":"https:\/\/fisiomasajeperu.com\/en\/wp-json\/wp\/v2\/pages\/2073\/revisions"}],"predecessor-version":[{"id":6346,"href":"https:\/\/fisiomasajeperu.com\/en\/wp-json\/wp\/v2\/pages\/2073\/revisions\/6346"}],"wp:attachment":[{"href":"https:\/\/fisiomasajeperu.com\/en\/wp-json\/wp\/v2\/media?parent=2073"}],"curies":[{"name":"wp","href":"https:\/\/api.w.org\/{rel}","templated":true}]}}